{"id":52,"date":"2014-04-27T13:04:12","date_gmt":"2014-04-27T13:04:12","guid":{"rendered":"http:\/\/inspiracjacatering.pl\/?page_id=52"},"modified":"2023-03-29T11:14:55","modified_gmt":"2023-03-29T11:14:55","slug":"kontakt","status":"publish","type":"page","link":"http:\/\/inspiracjacatering.pl\/?page_id=52","title":{"rendered":"Kontakt"},"content":{"rendered":"<p>Inspiracja Catering &#8211; \u0141ukasz Wasilewski<\/p>\n<p>Siedziba: Brzeg ul. Grobli 3\/8<br \/>\nMiejsce Przygotowywania: Ko\u015bcierzyce 31 ( budynek publicznego gimnazjum)<br \/>\ntel. 502 293 097<br \/>\nNasz e-mail: inspiracja.catering(X)gmail.com<br \/>\n&#8222;X&#8221; oznacza znak &#8222;@&#8221;<\/p>\n<hr \/>\n<p>Restauracja <a href=\"http:\/\/inspiracjacatering.pl\/?page_id=380\">Inspiracja Smak\u00f3w<\/a><\/p>\n<p>ul. Biedronkowa 5<br \/>\n49-318 Skarbimierz<br \/>\nPrzy stacji benzynowej<br \/>\nTelefon do lokalu: 733 544 888<\/p>\n<p>Przedsi\u0119biorca uzyska\u0142 subwencj\u0119 finansow\u0105 w ramach programu rz\u0105dowego &#8222;<span style=\"color: #ff0000;\">TARCZA FINANSOWA 2.0 POLSKIEGO FUNDUSZU ROZWOJU dla Mikro, Ma\u0142ych i \u015arednich Firm<\/span>&#8222;, udzielon\u0105 przez PFR SA.<\/p>\n","protected":false},"excerpt":{"rendered":"<p>Inspiracja Catering &#8211; \u0141ukasz Wasilewski Siedziba: Brzeg ul. Grobli 3\/8 Miejsce Przygotowywania: Ko\u015bcierzyce 31 ( budynek publicznego gimnazjum) tel. 502 293 097 Nasz e-mail: inspiracja.catering(X)gmail.com &#8222;X&#8221; oznacza znak &#8222;@&#8221; Restauracja Inspiracja Smak\u00f3w ul. Biedronkowa 5 49-318 Skarbimierz Przy stacji benzynowej Telefon do lokalu: 733 544 888 Przedsi\u0119biorca uzyska\u0142 subwencj\u0119 finansow\u0105 w ramach programu rz\u0105dowego &#8222;TARCZA<\/p>\n","protected":false},"author":1,"featured_media":0,"parent":0,"menu_order":5,"comment_status":"closed","ping_status":"closed","template":"","meta":{"footnotes":""},"aioseo_notices":[],"_links":{"self":[{"href":"http:\/\/inspiracjacatering.pl\/index.php?rest_route=\/wp\/v2\/pages\/52"}],"collection":[{"href":"http:\/\/inspiracjacatering.pl\/index.php?rest_route=\/wp\/v2\/pages"}],"about":[{"href":"http:\/\/inspiracjacatering.pl\/index.php?rest_route=\/wp\/v2\/types\/page"}],"author":[{"embeddable":true,"href":"http:\/\/inspiracjacatering.pl\/index.php?rest_route=\/wp\/v2\/users\/1"}],"replies":[{"embeddable":true,"href":"http:\/\/inspiracjacatering.pl\/index.php?rest_route=%2Fwp%2Fv2%2Fcomments&post=52"}],"version-history":[{"count":10,"href":"http:\/\/inspiracjacatering.pl\/index.php?rest_route=\/wp\/v2\/pages\/52\/revisions"}],"predecessor-version":[{"id":459,"href":"http:\/\/inspiracjacatering.pl\/index.php?rest_route=\/wp\/v2\/pages\/52\/revisions\/459"}],"wp:attachment":[{"href":"http:\/\/inspiracjacatering.pl\/index.php?rest_route=%2Fwp%2Fv2%2Fmedia&parent=52"}],"curies":[{"name":"wp","href":"https:\/\/api.w.org\/{rel}","templated":true}]}}