{"id":10,"date":"2014-04-26T18:42:28","date_gmt":"2014-04-26T18:42:28","guid":{"rendered":"http:\/\/inspiracjacatering.pl\/?page_id=10"},"modified":"2018-11-22T16:22:46","modified_gmt":"2018-11-22T16:22:46","slug":"menu-weselne-propozycja-iv","status":"publish","type":"page","link":"https:\/\/inspiracjacatering.pl\/?page_id=10","title":{"rendered":"Menu Weselne Propozycja IV"},"content":{"rendered":"<p style=\"text-align: center;\"><strong>INSPIRACJA CATERING<\/strong><br \/>\n<strong> \u0141UKASZ WASILEWSKI<\/strong><br \/>\n<strong> Telefon kontaktowy 502293097<\/strong><\/p>\n<p style=\"text-align: center;\">\n<p style=\"text-align: center;\"><strong>MENU WESELNE IV<\/strong><\/p>\n<p>Poni\u017csze menu stanowi tylko propozycj\u0119- mo\u017cna je dowolnie modyfikowa\u0107 wed\u0142ug w\u0142asnych gust\u00f3w i upodoba\u0144. U\u0142o\u017cenie ostatecznego menu, kt\u00f3re w pe\u0142ni zaspokoi Pa\u0144stwa oczekiwania, nast\u0119puje w trakcie szczeg\u00f3\u0142owego omawiania imprezy. Cena uzale\u017cniona jest od ostatecznego menu oraz od liczby go\u015bci (przy wi\u0119kszej ilo\u015bci os\u00f3b mo\u017cliwa negocjacja ceny).Serdecznie zach\u0119camy do skorzystania z naszej oferty. W razie jakichkolwiek pyta\u0144 i w\u0105tpliwo\u015bci prosimy o kontakt telefoniczny (502293097) lub mailowy (catering@inspiracjacatering.pl).<\/p>\n<p>&nbsp;<\/p>\n<p>Przywitanie okr\u0105g\u0142ym chlebem i sol\u0105 oraz lampk\u0105 szampana<\/p>\n<p>&nbsp;<\/p>\n<p><strong>OBIAD<\/strong><br \/>\n&#8211; Ros\u00f3\u0142 z makaronem opr\u00f3szony zielon\u0105 pietruszk\u0105<\/p>\n<p><em>Drugie danie<\/em><br \/>\n<em> &#8211; <\/em>Stek z kurczaka po portugalsku polany delikatnym sosem zapiekany pod pierzynk\u0105 serow\u0105<br \/>\n&#8211; Kotleciki mielone z pieczarkami<br \/>\n&#8211; Medaliony ze schabu w z\u0142ocistej panierce<br \/>\n&#8211; Pieczone udko z kurczaka marynowane w zio\u0142ach<\/p>\n<p><em>Dodatki<\/em><br \/>\n&#8211; Ziemniaki przebijane z mase\u0142kiem<br \/>\n&#8211; Kluski \u015bl\u0105skie<\/p>\n<p><em>Sur\u00f3wki<\/em><br \/>\n&#8211; Bia\u0142a kapusta z tart\u0105 marchewk\u0105<br \/>\n&#8211; Buraczki siekane z cebulk\u0105<br \/>\n&#8211; Seler z jab\u0142kiem oblany \u015bmietan\u0105<\/p>\n<p>&nbsp;<\/p>\n<p><strong>PRZEK\u0104SKI ZIMNE<\/strong><br \/>\n<em>\u00b7 Patery z mi\u0119sami pieczonymi<\/em><br \/>\n&#8211; Schab szpikowany \u015bliwk\u0105 i morel\u0105<br \/>\n&#8211; Karczek z m\u0142odego prosiaczka w aromatycznych zio\u0142ach<br \/>\n&#8211; Schab marynowany w zio\u0142ach<br \/>\n&#8211; Pasztet pieczony z bakaliami<br \/>\n<em> \u00b7 P\u00f3\u0142miski z rozmaito\u015bciami<\/em><br \/>\n&#8211; Jajka faszerowane czap\u0105 zio\u0142owo-serow\u0105<br \/>\n&#8211; Rulony z szynki w\u0119dzonej wi\u015bniowym drzewem napychane sa\u0142atk\u0105 \u017cydowsk\u0105<br \/>\n&#8211; Camembert zdobiony winogronem<br \/>\n&#8211; Pomidory nadziewane fantazj\u0105 serow\u0105<br \/>\n\u00b7 \u015aled\u017a po wiejsku w oleju<br \/>\n\u00b7 Tradycyjna sa\u0142atka jarzynowa<br \/>\n\u00b7 Sa\u0142atka Cezar na sa\u0142acie lodowej z grillowanym kurczakiem polana delikatnym sosem<br \/>\n\u00b7 P\u00f3\u0142misek z jajami polanymi sosem tatarskim<br \/>\nPieczywo<br \/>\nKawa i herbata bez limitu<\/p>\n<p><strong>I Kolacja<\/strong><br \/>\n&#8211; Flaki wo\u0142owe gotowane wed\u0142ug staropolskiej receptury<\/p>\n<p><strong>II Kolacja<\/strong><br \/>\n&#8211; Strogonow podawany z pieczywem<\/p>\n<p><strong>III Kolacja<\/strong><\/p>\n<p>&#8211; Barszcz z krokietem (krokiety do wyboru: z mi\u0119sem, z kapust\u0105 i grzybami, z serem i pieczarkami)<\/p>\n","protected":false},"excerpt":{"rendered":"<p>INSPIRACJA CATERING \u0141UKASZ WASILEWSKI Telefon kontaktowy 502293097 MENU WESELNE IV Poni\u017csze menu stanowi tylko propozycj\u0119- mo\u017cna je dowolnie modyfikowa\u0107 wed\u0142ug w\u0142asnych gust\u00f3w i upodoba\u0144. U\u0142o\u017cenie ostatecznego menu, kt\u00f3re w pe\u0142ni zaspokoi Pa\u0144stwa oczekiwania, nast\u0119puje w trakcie szczeg\u00f3\u0142owego omawiania imprezy. Cena uzale\u017cniona jest od ostatecznego menu oraz od liczby go\u015bci (przy wi\u0119kszej ilo\u015bci os\u00f3b mo\u017cliwa negocjacja<\/p>\n","protected":false},"author":1,"featured_media":0,"parent":244,"menu_order":3,"comment_status":"closed","ping_status":"closed","template":"","meta":{"footnotes":""},"aioseo_notices":[],"_links":{"self":[{"href":"https:\/\/inspiracjacatering.pl\/index.php?rest_route=\/wp\/v2\/pages\/10"}],"collection":[{"href":"https:\/\/inspiracjacatering.pl\/index.php?rest_route=\/wp\/v2\/pages"}],"about":[{"href":"https:\/\/inspiracjacatering.pl\/index.php?rest_route=\/wp\/v2\/types\/page"}],"author":[{"embeddable":true,"href":"https:\/\/inspiracjacatering.pl\/index.php?rest_route=\/wp\/v2\/users\/1"}],"replies":[{"embeddable":true,"href":"https:\/\/inspiracjacatering.pl\/index.php?rest_route=%2Fwp%2Fv2%2Fcomments&post=10"}],"version-history":[{"count":3,"href":"https:\/\/inspiracjacatering.pl\/index.php?rest_route=\/wp\/v2\/pages\/10\/revisions"}],"predecessor-version":[{"id":132,"href":"https:\/\/inspiracjacatering.pl\/index.php?rest_route=\/wp\/v2\/pages\/10\/revisions\/132"}],"up":[{"embeddable":true,"href":"https:\/\/inspiracjacatering.pl\/index.php?rest_route=\/wp\/v2\/pages\/244"}],"wp:attachment":[{"href":"https:\/\/inspiracjacatering.pl\/index.php?rest_route=%2Fwp%2Fv2%2Fmedia&parent=10"}],"curies":[{"name":"wp","href":"https:\/\/api.w.org\/{rel}","templated":true}]}}