{"id":106,"date":"2014-05-02T10:52:03","date_gmt":"2014-05-02T10:52:03","guid":{"rendered":"http:\/\/inspiracjacatering.pl\/?page_id=106"},"modified":"2014-09-22T15:51:22","modified_gmt":"2014-09-22T15:51:22","slug":"galeria-2","status":"publish","type":"page","link":"https:\/\/inspiracjacatering.pl\/?page_id=106","title":{"rendered":"Galeria"},"content":{"rendered":"<p>Serdecznie zapraszamy do obejrzenia naszych galerii zdj\u0119\u0107.<\/p>\n<p>Mo\u017cecie tam Pa\u0144stwo zobaczy\u0107 jak wygl\u0105daj\u0105 potrawy oferowane w ramach cateringu podczas r\u00f3\u017cnych okazji.<\/p>\n","protected":false},"excerpt":{"rendered":"<p>Serdecznie zapraszamy do obejrzenia naszych galerii zdj\u0119\u0107. Mo\u017cecie tam Pa\u0144stwo zobaczy\u0107 jak wygl\u0105daj\u0105 potrawy oferowane w ramach cateringu podczas r\u00f3\u017cnych okazji.<\/p>\n","protected":false},"author":1,"featured_media":0,"parent":0,"menu_order":5,"comment_status":"closed","ping_status":"closed","template":"","meta":{"footnotes":""},"aioseo_notices":[],"_links":{"self":[{"href":"https:\/\/inspiracjacatering.pl\/index.php?rest_route=\/wp\/v2\/pages\/106"}],"collection":[{"href":"https:\/\/inspiracjacatering.pl\/index.php?rest_route=\/wp\/v2\/pages"}],"about":[{"href":"https:\/\/inspiracjacatering.pl\/index.php?rest_route=\/wp\/v2\/types\/page"}],"author":[{"embeddable":true,"href":"https:\/\/inspiracjacatering.pl\/index.php?rest_route=\/wp\/v2\/users\/1"}],"replies":[{"embeddable":true,"href":"https:\/\/inspiracjacatering.pl\/index.php?rest_route=%2Fwp%2Fv2%2Fcomments&post=106"}],"version-history":[{"count":1,"href":"https:\/\/inspiracjacatering.pl\/index.php?rest_route=\/wp\/v2\/pages\/106\/revisions"}],"predecessor-version":[{"id":107,"href":"https:\/\/inspiracjacatering.pl\/index.php?rest_route=\/wp\/v2\/pages\/106\/revisions\/107"}],"wp:attachment":[{"href":"https:\/\/inspiracjacatering.pl\/index.php?rest_route=%2Fwp%2Fv2%2Fmedia&parent=106"}],"curies":[{"name":"wp","href":"https:\/\/api.w.org\/{rel}","templated":true}]}}