{"id":12,"date":"2014-04-26T18:44:30","date_gmt":"2014-04-26T18:44:30","guid":{"rendered":"http:\/\/inspiracjacatering.pl\/?page_id=12"},"modified":"2018-11-22T16:22:46","modified_gmt":"2018-11-22T16:22:46","slug":"menu-na-poprawiny-propozycja-i","status":"publish","type":"page","link":"https:\/\/inspiracjacatering.pl\/?page_id=12","title":{"rendered":"Menu na poprawiny propozycja I"},"content":{"rendered":"<p style=\"text-align: center;\"><strong>INSPIRACJA CATERING<\/strong><\/p>\n<p style=\"text-align: center;\"><strong>\u0141UKASZ WASILEWSKI<\/strong><\/p>\n<p style=\"text-align: center;\"><strong>Telefon kontaktowy 502293097<\/strong><\/p>\n<p style=\"text-align: center;\"><strong>\u00a0<\/strong><\/p>\n<p style=\"text-align: center;\"><strong>MENU NA POPRAWINY I<\/strong><\/p>\n<p>&nbsp;<\/p>\n<p>Poni\u017csze menu stanowi tylko propozycj\u0119- mo\u017cna je dowolnie modyfikowa\u0107 wed\u0142ug w\u0142asnych gust\u00f3w i upodoba\u0144. U\u0142o\u017cenie ostatecznego menu, kt\u00f3re w pe\u0142ni zaspokoi Pa\u0144stwa oczekiwania, nast\u0119puje w trakcie szczeg\u00f3\u0142owego omawiania imprezy. Cena uzale\u017cniona jest od ostatecznego menu oraz od liczby go\u015bci (przy wi\u0119kszej ilo\u015bci os\u00f3b mo\u017cliwa negocjacja ceny).Serdecznie zach\u0119camy do skorzystania z naszej oferty. W razie jakichkolwiek pyta\u0144 i w\u0105tpliwo\u015bci prosimy o kontakt telefoniczny (502293097) lub mailowy (catering@inspiracjacatering.pl).<\/p>\n<p>&nbsp;<\/p>\n<p><strong>Zupa<\/strong><\/p>\n<p>&#8211; \u017burek staropolski na w\u0119dzonce z dodatkiem gotowanego jajka i bia\u0142ej kie\u0142basy<\/p>\n<p>&nbsp;<\/p>\n<p><strong>Grill<\/strong><\/p>\n<p>&#8211; Karczek z grilla<\/p>\n<p>&#8211; Szasz\u0142yk<\/p>\n<p>&#8211; Kie\u0142basa<\/p>\n<p>&#8211; Kaszanka<\/p>\n<p>&#8211; Udko z kurczaka<\/p>\n<p><strong>Dodatki<\/strong><\/p>\n<p>&#8211; Ksi\u0119\u017cyce ziemniaczane<\/p>\n<p>&#8211; Plastry ziemniaczane<\/p>\n<p>&#8211; Sa\u0142atka wiejska<\/p>\n<p>&#8211; Dipy<\/p>\n<p>&nbsp;<\/p>\n<p><strong>Przek\u0105ski<\/strong><\/p>\n<p>&#8211; Sa\u0142atka staropolska podawana z makaronem z dodatkiem w\u0119dzonego kurczaka, polana sosem jogurtowym<\/p>\n<p>&#8211; Patera mi\u0119s pieczonych<\/p>\n<p>&#8211; Sa\u0142atka Szefa z selerem<\/p>\n","protected":false},"excerpt":{"rendered":"<p>INSPIRACJA CATERING \u0141UKASZ WASILEWSKI Telefon kontaktowy 502293097 \u00a0 MENU NA POPRAWINY I &nbsp; Poni\u017csze menu stanowi tylko propozycj\u0119- mo\u017cna je dowolnie modyfikowa\u0107 wed\u0142ug w\u0142asnych gust\u00f3w i upodoba\u0144. U\u0142o\u017cenie ostatecznego menu, kt\u00f3re w pe\u0142ni zaspokoi Pa\u0144stwa oczekiwania, nast\u0119puje w trakcie szczeg\u00f3\u0142owego omawiania imprezy. Cena uzale\u017cniona jest od ostatecznego menu oraz od liczby go\u015bci (przy wi\u0119kszej ilo\u015bci<\/p>\n","protected":false},"author":1,"featured_media":0,"parent":244,"menu_order":4,"comment_status":"closed","ping_status":"closed","template":"","meta":{"footnotes":""},"aioseo_notices":[],"_links":{"self":[{"href":"https:\/\/inspiracjacatering.pl\/index.php?rest_route=\/wp\/v2\/pages\/12"}],"collection":[{"href":"https:\/\/inspiracjacatering.pl\/index.php?rest_route=\/wp\/v2\/pages"}],"about":[{"href":"https:\/\/inspiracjacatering.pl\/index.php?rest_route=\/wp\/v2\/types\/page"}],"author":[{"embeddable":true,"href":"https:\/\/inspiracjacatering.pl\/index.php?rest_route=\/wp\/v2\/users\/1"}],"replies":[{"embeddable":true,"href":"https:\/\/inspiracjacatering.pl\/index.php?rest_route=%2Fwp%2Fv2%2Fcomments&post=12"}],"version-history":[{"count":2,"href":"https:\/\/inspiracjacatering.pl\/index.php?rest_route=\/wp\/v2\/pages\/12\/revisions"}],"predecessor-version":[{"id":119,"href":"https:\/\/inspiracjacatering.pl\/index.php?rest_route=\/wp\/v2\/pages\/12\/revisions\/119"}],"up":[{"embeddable":true,"href":"https:\/\/inspiracjacatering.pl\/index.php?rest_route=\/wp\/v2\/pages\/244"}],"wp:attachment":[{"href":"https:\/\/inspiracjacatering.pl\/index.php?rest_route=%2Fwp%2Fv2%2Fmedia&parent=12"}],"curies":[{"name":"wp","href":"https:\/\/api.w.org\/{rel}","templated":true}]}}