{"id":133,"date":"2014-05-14T09:22:12","date_gmt":"2014-05-14T09:22:12","guid":{"rendered":"http:\/\/inspiracjacatering.pl\/?page_id=133"},"modified":"2014-09-17T14:02:54","modified_gmt":"2014-09-17T14:02:54","slug":"menu-plenerowe-propozycja-iv","status":"publish","type":"page","link":"https:\/\/inspiracjacatering.pl\/?page_id=133","title":{"rendered":"MENU PLENEROWE PROPOZYCJA IV"},"content":{"rendered":"<p style=\"text-align: center;\"><strong>Inspiracja catering<\/strong><br \/>\n<strong>\u0141ukasz Wasilewski<\/strong><br \/>\n<strong>Telefon kontaktowy 502293097<\/strong><\/p>\n<p style=\"text-align: center;\">\n<p style=\"text-align: center;\"><strong>MENU PLENEROWE IV<\/strong><br \/>\nBiesiada po\u0142\u0105czona ze sto\u0142em szwedzkim<\/p>\n<p>Poni\u017csze menu stanowi tylko propozycj\u0119- mo\u017cna je dowolnie modyfikowa\u0107 wed\u0142ug w\u0142asnych gust\u00f3w i upodoba\u0144. U\u0142o\u017cenie ostatecznego menu, kt\u00f3re w pe\u0142ni zaspokoi Pa\u0144stwa oczekiwania, nast\u0119puje w trakcie szczeg\u00f3\u0142owego omawiania imprezy. Cena uzale\u017cniona jest od ostatecznego menu oraz od liczby go\u015bci (przy wi\u0119kszej ilo\u015bci os\u00f3b mo\u017cliwa negocjacja ceny).Serdecznie zach\u0119camy do skorzystania z naszej oferty.<br \/>\nW razie jakichkolwiek pyta\u0144 i w\u0105tpliwo\u015bci prosimy o kontakt telefoniczny (502293097) lub mailowy (catering@inspiracjacatering.pl).<\/p>\n<p>Data \u00a0 \u00a0 \u00a0 \u00a0 \u00a0 \u00a0 \u00a0 \u00a0 \u00a0 \u00a0 \u00a0 \u00a0 \u00a0 \u00a0\u00a0 \u00a0 \u00a0 \u00a0 Godz \u00a0 \u00a0 \u00a0 \u00a0 \u00a0 \u00a0 \u00a0 \u00a0 \u00a0 \u00a0 \u00a0 \u00a0 \u00a0 \u00a0 \u00a0 \u00a0 \u00a0 \u00a0Ilo\u015b\u0107 os\u00f3b<\/p>\n<p>&nbsp;<\/p>\n<p><strong>Dania z grilla:<\/strong><br \/>\n-Golonka pieczona<br \/>\n-Karczek marynowany w zio\u0142ach<br \/>\n-Szsz\u0142yk drobiowy<br \/>\n-Kie\u0142basa<br \/>\n-Kaszanka<br \/>\n-Ziemniaki pieczone<\/p>\n<p><strong>Dania gor\u0105ce<\/strong><br \/>\n<strong>podawane z patelni, w kocio\u0142kach i podgrzewaczach:<\/strong><br \/>\n-\u017burek podawany w kocio\u0142ku<br \/>\n-Antipasti- warzywa grillowane z zio\u0142ami<\/p>\n<p><strong>Bar sa\u0142atkowy:<\/strong><br \/>\n-Sa\u0142atka letnia na sa\u0142acie lodowej z warzywami, skropiona sosem vinegrette<br \/>\n-Sa\u0142atka Cezar na sa\u0142acie lodowej z grillowanym kurczakiem, polana sosem koktajlowym<\/p>\n<p><strong>Dodatki:<\/strong><br \/>\n-Dipy- tzatziki, salsa, musztarda, ketchup, chrzan<br \/>\n-Chleb wiejski<br \/>\n-Smalec i og\u00f3rki kiszone<\/p>\n<p>-Piwo z beczki<br \/>\n-Napoje i woda<br \/>\n-Kawa, herbata z dodatkami (cukier, mleko, cytryna) bez limitu<\/p>\n<p><strong>ST\u00d3\u0141 SZWEDZKI Z ZIMNYMI PRZEK\u0104SKAMI<\/strong><\/p>\n<p><em>Deski i patery z mi\u0119sami pieczonymi<\/em><br \/>\n-Karczek pieczony w marynacie czosnkowo-zio\u0142owej<br \/>\n-Schab nadziewany \u015bliwk\u0105 i morel\u0105<br \/>\n-Rolada z karczku zawijana w tortilli z warzywami<br \/>\n-Rolada z indyka owini\u0119ta szpinakiem z serem<br \/>\n-Pasztet pieczony z bakaliami i grzybami<br \/>\n-Roladki schabowe z nadzieniem pieczarkowo-serowym<br \/>\n-Swojskie w\u0119dliny: Kie\u0142basa ze \u015bwiniobicia<br \/>\nKie\u0142basa wiejska<br \/>\nKabanosy<br \/>\n-Terrina drobiowa z orzechami i bekonem<br \/>\n<em>Lustra i kafle z drobnymi przek\u0105skami<\/em><br \/>\n-Muszelki z ciasta ptysiowego z dodatkiem sa\u0142atki diabelskiej<br \/>\n-Sakiewki z ciasta filo kanaki z nadzieniem z kurczaka i podgrzybk\u00f3w<br \/>\n-Kruche babeczki nadziewane sa\u0142atk\u0105 islandzk\u0105<br \/>\n-Kurczak po chi\u0144sku zawijany w tortilli<br \/>\n-\u0141\u00f3deczki z ciasta francuskiego z dodatkiem serka zio\u0142owego z \u0142ososiem w\u0119dzonym<br \/>\n-Pieczone koreczki ze \u015bliwki opasanej bekonem<br \/>\n-Mini grzanki z past\u0105 serowo-zio\u0142ow\u0105 z salami<br \/>\n-Tortilla szpinakowa z salami, serem i oliwkami<br \/>\n-Quiche lorraine z \u017c\u00f3\u0142tym serem i pra\u017conym boczkiem<br \/>\n-Mini szasz\u0142yczki z kurczakiem i \u015bliwka kalifornijsk\u0105, marynowane w sosie barnecue<br \/>\n-Jajka faszerowane czap\u0105 serowo-szczypiorkow\u0105<br \/>\n-Mini roladki z tortilli z pomidorami suszonymi, szynk\u0105, serem i rukol\u0105<br \/>\n-Mini roladki z ciasta spring-rolls z kurczakiem i warzywami<br \/>\n-Koreczki ciwabcici z peperoni (papryczki pikantne lub \u0142agodne)<br \/>\n-Rulony z szynki wiejskiej z musem serowym<br \/>\n-Mini grzanki z \u0142ososiem w\u0119dzonym i crem-resh<br \/>\nW cen\u0119 wliczono:<br \/>\n-naczynia jednorazowe<br \/>\n-obs\u0142ug\u0119 techniczn\u0105 i kelnersk\u0105<br \/>\n-bielizn\u0119 sto\u0142ow\u0105 na sto\u0142y szwedzkie<br \/>\n-sto\u0142y, \u0142awki, parasole<br \/>\n-podgrzewacze na sto\u0142y szwedzkie<br \/>\n-grille i sto\u0142y do przygotowania bufet\u00f3w szwedzkich<br \/>\n-zapewniamy ch\u0142odni\u0119<\/p>\n<p>Ponadto mo\u017cliwo\u015b\u0107 zam\u00f3wienia dodatkowych us\u0142ug<br \/>\n(w zale\u017cno\u015bci od ilo\u015bci os\u00f3b)<br \/>\n-Oprawa muzyczna (DJ lub zesp\u00f3\u0142 muzyczny)<br \/>\n-Dmuchane zamki, zje\u017cd\u017calnie, pi\u0142karzyki itp.<br \/>\n-Animatorzy dla dzieci<br \/>\n-Wata cukrowa, popcorn, kukurydza gotowana, nale\u015bniki, lody<br \/>\n-Gotowanie z dzie\u0107mi<br \/>\n-Rysownicy portret\u00f3w i karykatur<br \/>\n-Przygotowanie placu do gry w pi\u0142k\u0119 no\u017cn\u0105, siatk\u00f3wk\u0119 lub badmintona<br \/>\n-Dekoracja terenu zwi\u0105zana z tematyk\u0105 imprezy<br \/>\n-Namioty w zale\u017cno\u015bci od ilo\u015bci os\u00f3b<\/p>\n<p>&nbsp;<\/p>\n","protected":false},"excerpt":{"rendered":"<p>Inspiracja catering \u0141ukasz Wasilewski Telefon kontaktowy 502293097 MENU PLENEROWE IV Biesiada po\u0142\u0105czona ze sto\u0142em szwedzkim Poni\u017csze menu stanowi tylko propozycj\u0119- mo\u017cna je dowolnie modyfikowa\u0107 wed\u0142ug w\u0142asnych gust\u00f3w i upodoba\u0144. U\u0142o\u017cenie ostatecznego menu, kt\u00f3re w pe\u0142ni zaspokoi Pa\u0144stwa oczekiwania, nast\u0119puje w trakcie szczeg\u00f3\u0142owego omawiania imprezy. Cena uzale\u017cniona jest od ostatecznego menu oraz od liczby go\u015bci (przy<\/p>\n","protected":false},"author":2,"featured_media":0,"parent":242,"menu_order":9,"comment_status":"closed","ping_status":"closed","template":"","meta":{"footnotes":""},"aioseo_notices":[],"_links":{"self":[{"href":"https:\/\/inspiracjacatering.pl\/index.php?rest_route=\/wp\/v2\/pages\/133"}],"collection":[{"href":"https:\/\/inspiracjacatering.pl\/index.php?rest_route=\/wp\/v2\/pages"}],"about":[{"href":"https:\/\/inspiracjacatering.pl\/index.php?rest_route=\/wp\/v2\/types\/page"}],"author":[{"embeddable":true,"href":"https:\/\/inspiracjacatering.pl\/index.php?rest_route=\/wp\/v2\/users\/2"}],"replies":[{"embeddable":true,"href":"https:\/\/inspiracjacatering.pl\/index.php?rest_route=%2Fwp%2Fv2%2Fcomments&post=133"}],"version-history":[{"count":1,"href":"https:\/\/inspiracjacatering.pl\/index.php?rest_route=\/wp\/v2\/pages\/133\/revisions"}],"predecessor-version":[{"id":134,"href":"https:\/\/inspiracjacatering.pl\/index.php?rest_route=\/wp\/v2\/pages\/133\/revisions\/134"}],"up":[{"embeddable":true,"href":"https:\/\/inspiracjacatering.pl\/index.php?rest_route=\/wp\/v2\/pages\/242"}],"wp:attachment":[{"href":"https:\/\/inspiracjacatering.pl\/index.php?rest_route=%2Fwp%2Fv2%2Fmedia&parent=133"}],"curies":[{"name":"wp","href":"https:\/\/api.w.org\/{rel}","templated":true}]}}