{"id":141,"date":"2014-05-15T08:12:29","date_gmt":"2014-05-15T08:12:29","guid":{"rendered":"http:\/\/inspiracjacatering.pl\/?page_id=141"},"modified":"2014-05-15T19:01:00","modified_gmt":"2014-05-15T19:01:00","slug":"menu-studniowkowe","status":"publish","type":"page","link":"https:\/\/inspiracjacatering.pl\/?page_id=141","title":{"rendered":"Menu studni\u00f3wkowe"},"content":{"rendered":"<p style=\"text-align: center;\"><strong>INSPIRACJA CATERING<br \/>\n<\/strong><strong>\u0141UKASZ WASILEWSKI<\/strong><br \/>\n<strong>Telefon kontaktowy 502293097<\/strong><\/p>\n<p style=\"text-align: center;\">\n<p style=\"text-align: center;\"><strong>MENU STUDNI\u00d3WKOWE 2014<\/strong><\/p>\n<address>Poni\u017csze menu stanowi tylko propozycj\u0119- mo\u017cna je dowolnie modyfikowa\u0107 wed\u0142ug w\u0142asnych gust\u00f3w i upodoba\u0144. U\u0142o\u017cenie ostatecznego menu, kt\u00f3re w pe\u0142ni zaspokoi Pa\u0144stwa oczekiwania, nast\u0119puje w trakcie szczeg\u00f3\u0142owego omawiania imprezy. Cena uzale\u017cniona jest od ostatecznego menu oraz od liczby go\u015bci (przy wi\u0119kszej ilo\u015bci os\u00f3b mo\u017cliwa negocjacja ceny).Serdecznie zach\u0119camy do skorzystania z naszej oferty. W razie jakichkolwiek pyta\u0144 i w\u0105tpliwo\u015bci prosimy o kontakt telefoniczny (502293097) lub mailowy (catering@inspiracjacatering.pl).<\/address>\n<p>&nbsp;<\/p>\n<p style=\"text-align: left;\">Data \u00a0 \u00a0 \u00a0 \u00a0 \u00a0 \u00a0 \u00a0 \u00a0 \u00a0 \u00a0 \u00a0 \u00a0 \u00a0 \u00a0 \u00a0 \u00a0 \u00a0 \u00a0 \u00a0 \u00a0 \u00a0 \u00a0 \u00a0 \u00a0 Godz \u00a0 \u00a0 \u00a0 \u00a0 \u00a0 \u00a0 \u00a0 \u00a0 \u00a0 \u00a0 \u00a0 \u00a0 \u00a0 \u00a0 \u00a0 \u00a0 \u00a0 \u00a0 \u00a0 \u00a0 \u00a0 \u00a0Ilo\u015b\u0107 os\u00f3b<\/p>\n<p style=\"text-align: left;\">\n<p style=\"text-align: left;\"><strong>KOLACJA I<\/strong><br \/>\n1 z 4 mi\u0119s do wyboru na osob\u0119<br \/>\n-Stek a\u2019la Nilsen- stek z kurczaka otulony sosem z pieczarek i papryki, zapiekany pod serem<br \/>\n-Filet z kurczaka przek\u0142adany sosem z papryki i pomidor\u00f3w pelatti, zapiekany pod pierzynk\u0105 serow\u0105<br \/>\n-Schab po grecku nadziewany pieczarkami i serem, zawijany i sma\u017cony w z\u0142ocistej panierce<br \/>\n-Cordon blue- filet z kurczaka nadziewany szynk\u0105, serem i warzywami, panierowany i opiekany na z\u0142oto<\/p>\n<p style=\"text-align: left;\"><em>Dodatki<\/em><br \/>\n1 z podanych do wyboru<br \/>\n-Ziemniaki przebijane z mase\u0142kiem<br \/>\n-Kluski \u015bl\u0105skie z sosem<br \/>\n-Ry\u017c z warzywami<br \/>\n-Kopytka z mas\u0142em, opr\u00f3szone sezamem<br \/>\n-Makaron w sosie serowym z dodatkiem broku\u0142a<\/p>\n<p style=\"text-align: left;\"><em>Sur\u00f3wki<\/em><br \/>\n1 lub 2 do wyboru<br \/>\n-Bia\u0142a kapusta z marchewk\u0105<br \/>\n-Czerwona kapusta z jab\u0142kiem<br \/>\n-Marchewka z jab\u0142kiem i chrzanem<br \/>\n-Kapusta peki\u0144ska z warzywami<br \/>\n-Buraczki siekane z cebulk\u0105<br \/>\n-Sa\u0142atka Coleslaw<\/p>\n<p style=\"text-align: left;\">\n<p><strong>PRZEK\u0104SKI ZIMNE<\/strong><br \/>\nDo wyboru 2 z 3 propozycji<br \/>\n<strong>Propozycja I<\/strong><br \/>\n<em>P\u00f3\u0142misek mi\u0119s pieczonych<\/em><br \/>\n-Karczek pieczony w zio\u0142ach<br \/>\n-Roladka z karczku z omletem i szpinakiem lub warzywami<br \/>\n-Schab szpikowany \u015bliwk\u0105 i morel\u0105<br \/>\n-Rolada drobiowa nadziewana warzywami<br \/>\n-Schab bejcowany w marynacie zio\u0142owo-czosnkowej<\/p>\n<p><strong>Propozycja II<\/strong><br \/>\n<em>P\u00f3\u0142misek z rozmaito\u015bciami<\/em><br \/>\n-Omlet z tatarem z broku\u0142a<br \/>\n-Kruche babeczki z delikatn\u0105 sa\u0142atk\u0105 z selera zaostrzon\u0105 porem<br \/>\n-Mini szasz\u0142yczki drobiowe przek\u0142adane \u015bliwk\u0105 w\u0119giersk\u0105<br \/>\n-Roladki spring-rolls z kurczakiem i warzywami w sosie s\u0142odko-kwa\u015bnym<br \/>\n-Mini grzanki z serem zio\u0142owym z dodatkiem salami<br \/>\n-Koreczki serowe z piklami<br \/>\n-Sakiewki z ciasta Filo z nadzieniem z kurczaka i podgrzybk\u00f3w<br \/>\n-Muszelki z ciasta ptysiowego z sa\u0142atk\u0105 islandzk\u0105 z dodatkiem chilli<\/p>\n<p><strong>Propozycja III<\/strong><br \/>\n<em>P\u00f3\u0142misek z kanapkami dekoracyjnymi i koreczkami<\/em><br \/>\n-Dekoracyjne kanapki: -z past\u0105 serowo-zio\u0142ow\u0105 z salami i warzywami<br \/>\n-z past\u0105 serowo-paprykow\u0105 z dodatkiem szynki, sera i warzyw<br \/>\n-z mas\u0105 serowo-bazyliow\u0105 z dodatkiem szynki, sera\u00a0ple\u015bniowego i oliwki<br \/>\n-wegetaria\u0144skie z serem, pomidorem, rzodkiewk\u0105, sa\u0142at\u0105, og\u00f3rkiem i papryk\u0105<br \/>\n-z szynk\u0105 i serem \u017c\u00f3\u0142tym przek\u0142adane warzywami<br \/>\n-Koreczki z salami i sera<br \/>\n-Koreczki warzywne z piklami<br \/>\n-Koreczki z szynki i sera z papryk\u0105 i oliwk\u0105<\/p>\n<p><strong>SA\u0141ATKI<\/strong><br \/>\n2 do wyboru<br \/>\n-Sa\u0142atka Cezar na sa\u0142acie lodowej z grillowanym kurczakiem oblana sosem koktailowym<br \/>\n-Sa\u0142atka grecka z serem feta polana sosem vinegrette<br \/>\n-Sa\u0142atka z totellini i makaronem kolorowym z dodatkiem szynki, papryki, kukurydzy, ananasa itp.<br \/>\n-Sa\u0142atka z szynki, selera, kukurydzy, papryki i sera \u017c\u00f3\u0142tego<br \/>\n-Sa\u0142atka Szefa z jajkiem, szynk\u0105, serem, warzywami, oblana sosem jogurtowym<br \/>\n-Tradycyjna sa\u0142atka jarzynowa<\/p>\n<p>Pieczywo<\/p>\n<p><strong>GOR\u0104CE KOLACJE<\/strong><br \/>\n2 do wyboru<br \/>\n-Szasz\u0142yk drobiowy u\u0142o\u017cony na ry\u017cu z warzywami, oblany sosem s\u0142odko-kwa\u015bnym z warzywami<br \/>\n-Kurczak w chrupi\u0105cej panierce otoczony p\u0142atkami i orzechami z makaronem farfalle, polany sosem serowym ze szpinakiem<br \/>\n-Gulasz w\u0119gierski na szynce wieprzowej z dodatkiem papryki i warzyw, podany z pieczywem<br \/>\n-Barszcz czerwony z pasztecikiem lub kapu\u015bniaczkiem owini\u0119tym w ciasto francuskie<br \/>\n-Barszcz czerwony z krokietem- do wyboru krokiet z kapust\u0105 i pieczarkami, z mi\u0119sem, z pieczarkami i serem<br \/>\n-Penne z kurczakiem i pomidorami z dodatkiem papryki<br \/>\n-Kurczak Fantazja przek\u0142adany ananasem i brzoskwini\u0105, zapiekany pod serem z dodatkiem ry\u017cu i sosu cafe de paris<\/p>\n<p>&nbsp;<\/p>\n<p><strong>DESER<\/strong><br \/>\n200g\/os.<br \/>\nCiasto jogurtowe<br \/>\nSernik<br \/>\nJab\u0142ecznik<br \/>\nCiasto kokosowe<br \/>\nBabeczki<br \/>\nCiastka kruche itp<\/p>\n<p>Owoce sezonowe 150 g\/os.<br \/>\nNapoje i woda niegazowane bez limitu<br \/>\nKawa i herbata bez limitu<br \/>\nLody po I kolacji gratis!<br \/>\nLampka szampana gratis!<br \/>\nTort 100g na os. gratis!<\/p>\n<p><strong>Rodzice pilnuj\u0105cy m\u0142odzie\u017cy otrzymuj\u0105 posi\u0142ki gratis<\/strong><\/p>\n<p>Strona techniczna w cenie menu!<br \/>\n-Zapewniamy: zastaw\u0119 sto\u0142ow\u0105<br \/>\nobs\u0142ug\u0119 kelnerk\u0105<br \/>\nbielizn\u0105 sto\u0142ow\u0105<br \/>\nUs\u0142ugi dodatkowe liczone osobno:<br \/>\nZapewnienie i dow\u00f3z sto\u0142\u00f3w i krzese\u0142 brakuj\u0105cych na Sali<br \/>\nDekoracja Sali<br \/>\nNak\u0142adki dekoracyjne na krzes\u0142a<br \/>\nDekoracja sto\u0142\u00f3w \u017cywymi kwiatami i \u015bwiecami<\/p>\n","protected":false},"excerpt":{"rendered":"<p>INSPIRACJA CATERING \u0141UKASZ WASILEWSKI Telefon kontaktowy 502293097 MENU STUDNI\u00d3WKOWE 2014 Poni\u017csze menu stanowi tylko propozycj\u0119- mo\u017cna je dowolnie modyfikowa\u0107 wed\u0142ug w\u0142asnych gust\u00f3w i upodoba\u0144. U\u0142o\u017cenie ostatecznego menu, kt\u00f3re w pe\u0142ni zaspokoi Pa\u0144stwa oczekiwania, nast\u0119puje w trakcie szczeg\u00f3\u0142owego omawiania imprezy. Cena uzale\u017cniona jest od ostatecznego menu oraz od liczby go\u015bci (przy wi\u0119kszej ilo\u015bci os\u00f3b mo\u017cliwa negocjacja<\/p>\n","protected":false},"author":2,"featured_media":0,"parent":37,"menu_order":12,"comment_status":"closed","ping_status":"closed","template":"","meta":{"footnotes":""},"aioseo_notices":[],"_links":{"self":[{"href":"https:\/\/inspiracjacatering.pl\/index.php?rest_route=\/wp\/v2\/pages\/141"}],"collection":[{"href":"https:\/\/inspiracjacatering.pl\/index.php?rest_route=\/wp\/v2\/pages"}],"about":[{"href":"https:\/\/inspiracjacatering.pl\/index.php?rest_route=\/wp\/v2\/types\/page"}],"author":[{"embeddable":true,"href":"https:\/\/inspiracjacatering.pl\/index.php?rest_route=\/wp\/v2\/users\/2"}],"replies":[{"embeddable":true,"href":"https:\/\/inspiracjacatering.pl\/index.php?rest_route=%2Fwp%2Fv2%2Fcomments&post=141"}],"version-history":[{"count":4,"href":"https:\/\/inspiracjacatering.pl\/index.php?rest_route=\/wp\/v2\/pages\/141\/revisions"}],"predecessor-version":[{"id":146,"href":"https:\/\/inspiracjacatering.pl\/index.php?rest_route=\/wp\/v2\/pages\/141\/revisions\/146"}],"up":[{"embeddable":true,"href":"https:\/\/inspiracjacatering.pl\/index.php?rest_route=\/wp\/v2\/pages\/37"}],"wp:attachment":[{"href":"https:\/\/inspiracjacatering.pl\/index.php?rest_route=%2Fwp%2Fv2%2Fmedia&parent=141"}],"curies":[{"name":"wp","href":"https:\/\/api.w.org\/{rel}","templated":true}]}}