{"id":16,"date":"2014-04-26T18:46:17","date_gmt":"2014-04-26T18:46:17","guid":{"rendered":"http:\/\/inspiracjacatering.pl\/?page_id=16"},"modified":"2015-01-20T20:11:11","modified_gmt":"2015-01-20T20:11:11","slug":"menu-komunijne","status":"publish","type":"page","link":"https:\/\/inspiracjacatering.pl\/?page_id=16","title":{"rendered":"Menu Komunijne"},"content":{"rendered":"<p style=\"text-align: center;\"><strong>INSPIRACJA CATERING<\/strong><\/p>\n<p style=\"text-align: center;\"><strong>\u0141UKASZ WASILEWSKI<\/strong><\/p>\n<p style=\"text-align: center;\"><strong>Telefon kontaktowy 502293097<\/strong><\/p>\n<p>&nbsp;<\/p>\n<p style=\"text-align: center;\"><strong>MENU KOMUNIJNE<\/strong><\/p>\n<p>&nbsp;<\/p>\n<p><strong>OBIAD<\/strong><\/p>\n<p>&#8211; Ros\u00f3\u0142 z makaronem<\/p>\n<p><em>Drugie danie<\/em><\/p>\n<p>-Stek a\u2019la Nilsen oblany sosem pieczarkowym z dodatkiem papryki, zapiekany pod pierzynk\u0105 serow\u0105<\/p>\n<p>-Kotlet po grecku- schab nadziewany pieczarkami i serem, obtoczony w bu\u0142ce, opiekany na z\u0142oto<\/p>\n<p>-Kotlet drobiowy panierowany i opiekany w z\u0142ocistej panierce<\/p>\n<p>-Filet drobiowy otulony sosem z pomidor\u00f3w pelati z nutk\u0105 bazylii<\/p>\n<p>&nbsp;<\/p>\n<p><em>Dodatki<\/em><\/p>\n<p>-Ziemniaki z mase\u0142kiem<\/p>\n<p>-Kluski \u015bl\u0105skie<\/p>\n<p>&nbsp;<\/p>\n<p><em>Sur\u00f3wki<\/em><\/p>\n<p>-Bia\u0142a kapusta z tart\u0105 marchewk\u0105<\/p>\n<p>-Kapusta peki\u0144ska z warzywami<\/p>\n<p>-Buraki siekane z cebulk\u0105<\/p>\n<p>&nbsp;<\/p>\n<p><strong>DESER<\/strong><\/p>\n<p>-Ciasto 100g\/os.<\/p>\n<p>-Lody z polew\u0105<\/p>\n<p>&nbsp;<\/p>\n<p><strong>ZIMNE PRZEK\u0104SKI<\/strong><\/p>\n<p>&nbsp;<\/p>\n<p><em>P\u00f3\u0142miski z mi\u0119sami pieczonymi<\/em><\/p>\n<p>-Karczek z m\u0142odego wieprzka marynowany w zio\u0142ach<\/p>\n<p>-Rolada z karczku z warzywami<\/p>\n<p>-Schab ze \u015bliwk\u0105 i morel\u0105<\/p>\n<p>-Rolada ze szpinakiem<\/p>\n<p>-Pasztet pieczony<\/p>\n<p>-Sery do dekoracji p\u00f3\u0142misk\u00f3w<\/p>\n<p>&nbsp;<\/p>\n<p><em>P\u00f3\u0142miski rozmaito\u015bci z drobnymi przek\u0105skami<\/em><\/p>\n<p>-Babeczki nadziewane sa\u0142atk\u0105 islandzk\u0105<\/p>\n<p>-Mini szasz\u0142yczki ze \u015bliwk\u0105 kalifornijsk\u0105<\/p>\n<p>-Omlet z tatarem z broku\u0142a<\/p>\n<p>-\u0141\u00f3deczki z ciasta francuskiego z serkiem zio\u0142owym i \u0142ososiem<\/p>\n<p>-Jajka faszerowane mas\u0105 serow\u0105<\/p>\n<p>-Sakiewki z ciasta filo kanaki z nadzieniem z kurczaka i podgrzybk\u00f3w<\/p>\n<p>&nbsp;<\/p>\n<p><em>Sa\u0142atki<\/em><\/p>\n<p>-Sa\u0142atka Cezar podawana na sa\u0142acie lodowej z warzywami oraz grillowanym kurczakiem, polana sosem koktajlowym<\/p>\n<p>-Sa\u0142atka z selera z dodatkiem jajka, sera, papryki i kukurydzy<\/p>\n<p>&nbsp;<\/p>\n<p>Pieczywo<\/p>\n<p>Kawa i herbata z dodatkami (cukier, cytryna, mleko) bez ogranicze\u0144<\/p>\n<p>&nbsp;<\/p>\n<p><strong>GOR\u0104CA KOLACJA\u00a0<\/strong>(1 z 3 do wyboru)<\/p>\n<p>-Gulasz w\u0119gierski podawany w kocio\u0142ku<\/p>\n<p>-Barszcz czerwony z pasztecikiem lub kapu\u015bniaczkiem owini\u0119tym ciastem francuskim<\/p>\n<p>-Szasz\u0142yk drobiowy z ry\u017cem w sosie s\u0142odko-kwa\u015bnym<\/p>\n<p>&nbsp;<\/p>\n<p>W cen\u0119 wliczono zastaw\u0119 sto\u0142ow\u0105, obrusy, falbany, obs\u0142ug\u0119<\/p>\n","protected":false},"excerpt":{"rendered":"<p>INSPIRACJA CATERING \u0141UKASZ WASILEWSKI Telefon kontaktowy 502293097 &nbsp; MENU KOMUNIJNE &nbsp; OBIAD &#8211; Ros\u00f3\u0142 z makaronem Drugie danie -Stek a\u2019la Nilsen oblany sosem pieczarkowym z dodatkiem papryki, zapiekany pod pierzynk\u0105 serow\u0105 -Kotlet po grecku- schab nadziewany pieczarkami i serem, obtoczony w bu\u0142ce, opiekany na z\u0142oto -Kotlet drobiowy panierowany i opiekany w z\u0142ocistej panierce -Filet drobiowy<\/p>\n","protected":false},"author":1,"featured_media":0,"parent":37,"menu_order":10,"comment_status":"closed","ping_status":"closed","template":"","meta":{"footnotes":""},"aioseo_notices":[],"_links":{"self":[{"href":"https:\/\/inspiracjacatering.pl\/index.php?rest_route=\/wp\/v2\/pages\/16"}],"collection":[{"href":"https:\/\/inspiracjacatering.pl\/index.php?rest_route=\/wp\/v2\/pages"}],"about":[{"href":"https:\/\/inspiracjacatering.pl\/index.php?rest_route=\/wp\/v2\/types\/page"}],"author":[{"embeddable":true,"href":"https:\/\/inspiracjacatering.pl\/index.php?rest_route=\/wp\/v2\/users\/1"}],"replies":[{"embeddable":true,"href":"https:\/\/inspiracjacatering.pl\/index.php?rest_route=%2Fwp%2Fv2%2Fcomments&post=16"}],"version-history":[{"count":6,"href":"https:\/\/inspiracjacatering.pl\/index.php?rest_route=\/wp\/v2\/pages\/16\/revisions"}],"predecessor-version":[{"id":275,"href":"https:\/\/inspiracjacatering.pl\/index.php?rest_route=\/wp\/v2\/pages\/16\/revisions\/275"}],"up":[{"embeddable":true,"href":"https:\/\/inspiracjacatering.pl\/index.php?rest_route=\/wp\/v2\/pages\/37"}],"wp:attachment":[{"href":"https:\/\/inspiracjacatering.pl\/index.php?rest_route=%2Fwp%2Fv2%2Fmedia&parent=16"}],"curies":[{"name":"wp","href":"https:\/\/api.w.org\/{rel}","templated":true}]}}