{"id":22,"date":"2014-04-26T18:49:20","date_gmt":"2014-04-26T18:49:20","guid":{"rendered":"http:\/\/inspiracjacatering.pl\/?page_id=22"},"modified":"2014-09-17T14:02:29","modified_gmt":"2014-09-17T14:02:29","slug":"menu-plenerowe-propozycja-ii","status":"publish","type":"page","link":"https:\/\/inspiracjacatering.pl\/?page_id=22","title":{"rendered":"Menu plenerowe propozycja II"},"content":{"rendered":"<p style=\"text-align: center;\"><strong>INSPIRACJA CATERING<\/strong><\/p>\n<p style=\"text-align: center;\"><strong>\u0141UKASZ WASILEWSKI<\/strong><\/p>\n<p style=\"text-align: center;\"><strong>Telefon kontaktowy 502293097<\/strong><\/p>\n<p><strong>\u00a0<\/strong><\/p>\n<p style=\"text-align: center;\"><strong>MENU PLENEROWE II<\/strong><\/p>\n<p>&nbsp;<\/p>\n<p>Poni\u017csze menu stanowi tylko propozycj\u0119- mo\u017cna je dowolnie modyfikowa\u0107 wed\u0142ug w\u0142asnych gust\u00f3w i upodoba\u0144. U\u0142o\u017cenie ostatecznego menu, kt\u00f3re w pe\u0142ni zaspokoi Pa\u0144stwa oczekiwania, nast\u0119puje w trakcie szczeg\u00f3\u0142owego omawiania imprezy. Cena uzale\u017cniona jest od ostatecznego menu oraz od liczby go\u015bci (przy wi\u0119kszej ilo\u015bci os\u00f3b mo\u017cliwa negocjacja ceny).Serdecznie zach\u0119camy do skorzystania z naszej oferty. W razie jakichkolwiek pyta\u0144 i w\u0105tpliwo\u015bci prosimy o kontakt telefoniczny (502293097) lub mailowy (catering@inspiracjacatering.pl).<\/p>\n<p>&nbsp;<\/p>\n<p>Data \u00a0 \u00a0 \u00a0 \u00a0 \u00a0 \u00a0 \u00a0 \u00a0 \u00a0 \u00a0 \u00a0 \u00a0 \u00a0 \u00a0 \u00a0 \u00a0 \u00a0 \u00a0 \u00a0Godz \u00a0 \u00a0 \u00a0 \u00a0 \u00a0 \u00a0 \u00a0 \u00a0 \u00a0 \u00a0 \u00a0 \u00a0 \u00a0 \u00a0 \u00a0 \u00a0 \u00a0 \u00a0 \u00a0 \u00a0 Ilo\u015b\u0107 os\u00f3b<\/p>\n<p>&nbsp;<\/p>\n<p>&nbsp;<\/p>\n<p><strong>Dania z grilla<\/strong><\/p>\n<p>-Pstr\u0105g pieczony na grillu z nut\u0105 mas\u0142a czosnkowego<\/p>\n<p>-Szasz\u0142yk z indyka otulony zio\u0142ami<\/p>\n<p>-Golonka pieczona obsypana zio\u0142ami z nut\u0105 czosnku<\/p>\n<p>-Kaszanka swojska<\/p>\n<p>-Kie\u0142basa podwawelska<\/p>\n<p>-Rybki z ferajny w\u0119dzone, podawane na ciep\u0142o<\/p>\n<p>-Ziemniaki pieczone z tzatzikami<\/p>\n<p>&nbsp;<\/p>\n<p><strong>Dania gor\u0105ce podawane z patelni, w kocio\u0142kach i podgrzewaczach<\/strong><\/p>\n<p>-Leczo z cukinii w sosie pomidorowym<\/p>\n<p>-Pierogi ruskie opiekane na z\u0142oto<\/p>\n<p>-\u017burek z jajkiem i kie\u0142bas\u0105<\/p>\n<p>-\u017beberka duszone w ciemnym sosie, skropione \u017curawin\u0105<\/p>\n<p>&nbsp;<\/p>\n<p><strong>Bar sa\u0142atkowy<\/strong><\/p>\n<p>-Sa\u0142atka grecka z serem feta i oliwkami, skropiona sosem vinegrette<\/p>\n<p>-Sa\u0142atka z pomidor\u00f3w opr\u00f3szona cebulk\u0105, skropiona kremem balsamicznym<\/p>\n<p>-Sa\u0142atka broku\u0142owa przek\u0142adana jajkiem, oblana sosem jogurtowym<\/p>\n<p>&nbsp;<\/p>\n<p><strong>Dodatki<\/strong><\/p>\n<p>-Pieczywo mieszane<\/p>\n<p>-Smalec swojski z cebulk\u0105, og\u00f3rki kiszone<\/p>\n<p>-Dipy- tzatziki, salsa, chrzan, musztarda, ketchup, sos czosnkowy<\/p>\n<p>&nbsp;<\/p>\n<p>-Kawa, herbata, z dodatkami (cukier, mleko, cytryna) bez limitu<\/p>\n<p>-Piwo z beczki<\/p>\n<p>-Napoje, soki, woda<\/p>\n<p>-Ciasta, ciasteczka, rogaliki croissant<\/p>\n<p>&nbsp;<\/p>\n<p>W cen\u0119 wliczono:<\/p>\n<p>-Naczynia jednorazowe<\/p>\n<p>-Obs\u0142ug\u0119 techniczn\u0105 i kelnersk\u0105<\/p>\n<p>-Bielizn\u0119 sto\u0142ow\u0105 na sto\u0142y szwedzkie<\/p>\n<p>-Sto\u0142y, \u0142awki, parasole<\/p>\n<p>-Podgrzewacze na sto\u0142y szwedzkie<\/p>\n<p>-Grille i sto\u0142y do przygotowania bufet\u00f3w szwedzkich<\/p>\n<p>-Zapewniamy ch\u0142odni\u0119<\/p>\n<p>&nbsp;<\/p>\n<p>Ponadto mo\u017cliwo\u015b\u0107 zam\u00f3wienia dodatkowych us\u0142ug<\/p>\n<p>(w zale\u017cno\u015bci od ilo\u015bci os\u00f3b)<\/p>\n<p>-Oprawa muzyczna (DJ lub zesp\u00f3\u0142 muzyczny)<\/p>\n<p>-Dmuchane zamki, zje\u017cd\u017calnie, pi\u0142karzyki itp.<\/p>\n<p>-Animatorzy dla dzieci<\/p>\n<p>-Wata cukrowa, popcorn, kukurydza gotowana, nale\u015bniki, lody, gofry<\/p>\n<p>-Gotowanie z dzie\u0107mi<\/p>\n<p>-Rysownicy portret\u00f3w i karykatur<\/p>\n<p>-Przygotowanie placu do gry w pi\u0142k\u0119 no\u017cn\u0105, siatk\u00f3wk\u0119 lub badmintona<\/p>\n<p>-Dekoracja terenu zwi\u0105zana z tematyk\u0105 imprezy<\/p>\n<p>-Scena, nag\u0142o\u015bnienie<\/p>\n<p>-Namioty w zale\u017cno\u015bci od ilo\u015bci os\u00f3b<\/p>\n","protected":false},"excerpt":{"rendered":"<p>INSPIRACJA CATERING \u0141UKASZ WASILEWSKI Telefon kontaktowy 502293097 \u00a0 MENU PLENEROWE II &nbsp; Poni\u017csze menu stanowi tylko propozycj\u0119- mo\u017cna je dowolnie modyfikowa\u0107 wed\u0142ug w\u0142asnych gust\u00f3w i upodoba\u0144. U\u0142o\u017cenie ostatecznego menu, kt\u00f3re w pe\u0142ni zaspokoi Pa\u0144stwa oczekiwania, nast\u0119puje w trakcie szczeg\u00f3\u0142owego omawiania imprezy. Cena uzale\u017cniona jest od ostatecznego menu oraz od liczby go\u015bci (przy wi\u0119kszej ilo\u015bci os\u00f3b<\/p>\n","protected":false},"author":1,"featured_media":0,"parent":242,"menu_order":7,"comment_status":"closed","ping_status":"closed","template":"","meta":{"footnotes":""},"aioseo_notices":[],"_links":{"self":[{"href":"https:\/\/inspiracjacatering.pl\/index.php?rest_route=\/wp\/v2\/pages\/22"}],"collection":[{"href":"https:\/\/inspiracjacatering.pl\/index.php?rest_route=\/wp\/v2\/pages"}],"about":[{"href":"https:\/\/inspiracjacatering.pl\/index.php?rest_route=\/wp\/v2\/types\/page"}],"author":[{"embeddable":true,"href":"https:\/\/inspiracjacatering.pl\/index.php?rest_route=\/wp\/v2\/users\/1"}],"replies":[{"embeddable":true,"href":"https:\/\/inspiracjacatering.pl\/index.php?rest_route=%2Fwp%2Fv2%2Fcomments&post=22"}],"version-history":[{"count":2,"href":"https:\/\/inspiracjacatering.pl\/index.php?rest_route=\/wp\/v2\/pages\/22\/revisions"}],"predecessor-version":[{"id":123,"href":"https:\/\/inspiracjacatering.pl\/index.php?rest_route=\/wp\/v2\/pages\/22\/revisions\/123"}],"up":[{"embeddable":true,"href":"https:\/\/inspiracjacatering.pl\/index.php?rest_route=\/wp\/v2\/pages\/242"}],"wp:attachment":[{"href":"https:\/\/inspiracjacatering.pl\/index.php?rest_route=%2Fwp%2Fv2%2Fmedia&parent=22"}],"curies":[{"name":"wp","href":"https:\/\/api.w.org\/{rel}","templated":true}]}}