{"id":254,"date":"2014-11-03T13:10:02","date_gmt":"2014-11-03T13:10:02","guid":{"rendered":"http:\/\/inspiracjacatering.pl\/?page_id=254"},"modified":"2014-11-03T13:10:02","modified_gmt":"2014-11-03T13:10:02","slug":"menu-wigilijne","status":"publish","type":"page","link":"https:\/\/inspiracjacatering.pl\/?page_id=254","title":{"rendered":"Menu wigilijne"},"content":{"rendered":"<p>Zapraszamy do zapoznania si\u0119 z propozycjami menu wigilijnych.<\/p>\n<p>Pragniemy tylko podkre\u015bli\u0107, \u017ce s\u0105 to jedynie propozycje, a ka\u017cd\u0105 z nich mo\u017cna dowolnie modyfikowa\u0107.<\/p>\n<p>Staramy si\u0119 jak najbardziej dopasowa\u0107 do potrzeb klienta.<\/p>\n","protected":false},"excerpt":{"rendered":"<p>Zapraszamy do zapoznania si\u0119 z propozycjami menu wigilijnych. Pragniemy tylko podkre\u015bli\u0107, \u017ce s\u0105 to jedynie propozycje, a ka\u017cd\u0105 z nich mo\u017cna dowolnie modyfikowa\u0107. Staramy si\u0119 jak najbardziej dopasowa\u0107 do potrzeb klienta.<\/p>\n","protected":false},"author":2,"featured_media":0,"parent":0,"menu_order":1,"comment_status":"closed","ping_status":"closed","template":"","meta":{"footnotes":""},"aioseo_notices":[],"_links":{"self":[{"href":"https:\/\/inspiracjacatering.pl\/index.php?rest_route=\/wp\/v2\/pages\/254"}],"collection":[{"href":"https:\/\/inspiracjacatering.pl\/index.php?rest_route=\/wp\/v2\/pages"}],"about":[{"href":"https:\/\/inspiracjacatering.pl\/index.php?rest_route=\/wp\/v2\/types\/page"}],"author":[{"embeddable":true,"href":"https:\/\/inspiracjacatering.pl\/index.php?rest_route=\/wp\/v2\/users\/2"}],"replies":[{"embeddable":true,"href":"https:\/\/inspiracjacatering.pl\/index.php?rest_route=%2Fwp%2Fv2%2Fcomments&post=254"}],"version-history":[{"count":1,"href":"https:\/\/inspiracjacatering.pl\/index.php?rest_route=\/wp\/v2\/pages\/254\/revisions"}],"predecessor-version":[{"id":255,"href":"https:\/\/inspiracjacatering.pl\/index.php?rest_route=\/wp\/v2\/pages\/254\/revisions\/255"}],"wp:attachment":[{"href":"https:\/\/inspiracjacatering.pl\/index.php?rest_route=%2Fwp%2Fv2%2Fmedia&parent=254"}],"curies":[{"name":"wp","href":"https:\/\/api.w.org\/{rel}","templated":true}]}}