{"id":266,"date":"2014-11-04T11:53:36","date_gmt":"2014-11-04T11:53:36","guid":{"rendered":"http:\/\/inspiracjacatering.pl\/?page_id=266"},"modified":"2014-11-04T11:53:44","modified_gmt":"2014-11-04T11:53:44","slug":"menu-wigilijne-v","status":"publish","type":"page","link":"https:\/\/inspiracjacatering.pl\/?page_id=266","title":{"rendered":"Menu wigilijne V"},"content":{"rendered":"<p lang=\"pl-PL\" align=\"CENTER\"><span style=\"font-family: 'Comic Sans MS', serif;\"><span style=\"font-size: medium;\"><b>INSPIRACJA CATERING<\/b><\/span><\/span><\/p>\n<p lang=\"pl-PL\" align=\"CENTER\"><span style=\"font-family: 'Comic Sans MS', serif;\"><span style=\"font-size: medium;\"><b>\u0141ukasz Wasilewski<\/b><\/span><\/span><\/p>\n<p lang=\"pl-PL\" align=\"CENTER\"><span style=\"font-family: 'Comic Sans MS', serif;\"><span style=\"font-size: medium;\"><b>Tel.kont. 502293097<\/b><\/span><\/span><\/p>\n<p align=\"CENTER\"><span style=\"font-family: 'Comic Sans MS', serif;\"><span style=\"font-size: medium;\"><span lang=\"pl-PL\"><b>MENU W<\/b><\/span><\/span><\/span><span style=\"font-family: 'Comic Sans MS', serif;\"><span lang=\"pl-PL\"><b>IGILIJNE<\/b><\/span><\/span><\/p>\n<p lang=\"pl-PL\" align=\"CENTER\"><span style=\"font-family: 'Comic Sans MS', serif;\"><b>Propozycja V<\/b><\/span><\/p>\n<p lang=\"pl-PL\"><span style=\"font-family: 'Comic Sans MS', serif;\"><span style=\"font-size: medium;\"><b>ST\u00d3\u0141 SZWEDZKI- dania gor\u0105ce podawane w podgrzewaczach<\/b><\/span><\/span><\/p>\n<p lang=\"pl-PL\"><span style=\"font-family: 'Comic Sans MS', serif;\"><span style=\"font-size: medium;\">1 z 2 do wyboru:<\/span><\/span><\/p>\n<p lang=\"pl-PL\"><span style=\"font-family: 'Comic Sans MS', serif;\"><span style=\"font-size: medium;\">-Barszcz czysty, gotowany wed\u0142ug staropolskiej receptury, podawany w kocio\u0142ku<\/span><\/span><\/p>\n<p lang=\"pl-PL\"><span style=\"font-family: 'Comic Sans MS', serif;\"><span style=\"font-size: medium;\">-Zupa krem z le\u015bnych grzyb\u00f3w, podawana z zacierk\u0105 lub groszkiem ptysiowym<\/span><\/span><\/p>\n<p lang=\"pl-PL\"><span style=\"font-family: 'Comic Sans MS', serif;\"><span style=\"font-size: medium;\">-Karp marynowany w warzywach i zio\u0142ach, otulony ciastem sezamowym, polany sosem z boczniak\u00f3w i podgrzybk\u00f3w<\/span><\/span><\/p>\n<p lang=\"pl-PL\"><span style=\"font-family: 'Comic Sans MS', serif;\"><span style=\"font-size: medium;\">-Piero\u017cki babuni nadziewane kapust\u0105 z grzybami<\/span><\/span><\/p>\n<p lang=\"pl-PL\"><span style=\"font-family: 'Comic Sans MS', serif;\"><span style=\"font-size: medium;\"><b>Dodatki:<\/b><\/span><\/span><\/p>\n<p lang=\"pl-PL\"><span style=\"font-family: 'Comic Sans MS', serif;\"><span style=\"font-size: medium;\">-Ziemniaki przebijane z mase\u0142kiem<\/span><\/span><\/p>\n<p lang=\"pl-PL\"><span style=\"font-family: 'Comic Sans MS', serif;\"><span style=\"font-size: medium;\">-Ry\u017c z warzywami<\/span><\/span><\/p>\n<p lang=\"pl-PL\"><span style=\"font-family: 'Comic Sans MS', serif;\"><span style=\"font-size: medium;\">-Sur\u00f3wka z kiszonej kapusty obsypana kminkiem<\/span><\/span><\/p>\n<p lang=\"pl-PL\"><span style=\"font-family: 'Comic Sans MS', serif;\"><span style=\"font-size: medium;\">-\u0106wik\u0142a z chrzanem<\/span><\/span><\/p>\n<p lang=\"pl-PL\"><span style=\"font-family: 'Comic Sans MS', serif;\"><span style=\"font-size: medium;\"><b>PRZEK\u0104SKI ZIMNE<\/b><\/span><\/span><\/p>\n<p lang=\"pl-PL\"><span style=\"font-family: 'Comic Sans MS', serif;\"><span style=\"font-size: medium;\">-Sa\u0142atka \u015bledziowa przek\u0142adana og\u00f3rkiem i jab\u0142kiem<\/span><\/span><\/p>\n<p lang=\"pl-PL\"><span style=\"font-family: 'Comic Sans MS', serif;\"><span style=\"font-size: medium;\">-Jajka faszerowane past\u0105 z pstr\u0105ga w\u0119dzonego<\/span><\/span><\/p>\n<p lang=\"pl-PL\"><span style=\"font-family: 'Comic Sans MS', serif;\"><span style=\"font-size: medium;\">-Terrina z sandacza skropiona cytryn\u0105, opasana marchewk\u0105 i cukini\u0105 w towarzystwie sos\u00f3w<\/span><\/span><\/p>\n<p lang=\"pl-PL\"><span style=\"font-family: 'Comic Sans MS', serif;\"><span style=\"font-size: medium;\">-Pieczywo<\/span><\/span><\/p>\n<p lang=\"pl-PL\"><span style=\"font-family: 'Comic Sans MS', serif;\"><span style=\"font-size: medium;\"><b>DESER<\/b><\/span><\/span><\/p>\n<p lang=\"pl-PL\"><span style=\"font-family: 'Comic Sans MS', serif;\"><span style=\"font-size: medium;\">-Kutia z bakaliami z nutk\u0105 sk\u00f3rki pomara\u0144czowej<\/span><\/span><\/p>\n<p lang=\"pl-PL\"><span style=\"font-family: 'Comic Sans MS', serif;\"><span style=\"font-size: medium;\">-Sernik<\/span><\/span><\/p>\n<p lang=\"pl-PL\"><span style=\"font-family: 'Comic Sans MS', serif;\"><span style=\"font-size: medium;\">-Makowiec<\/span><\/span><\/p>\n<p lang=\"pl-PL\"><span style=\"font-family: 'Comic Sans MS', serif;\"><span style=\"font-size: medium;\">-Orzechowiec<\/span><\/span><\/p>\n<p lang=\"pl-PL\"><span style=\"font-family: 'Comic Sans MS', serif;\"><span style=\"font-size: medium;\">Napoje, woda, kawa, herbata z dodatkami (cukier, cytryna, mleko)<\/span><\/span><\/p>\n<p lang=\"pl-PL\"><span style=\"font-family: 'Comic Sans MS', serif;\"><span style=\"font-size: medium;\"><b>W cen\u0119 wliczono obs\u0142ug\u0119 kelnersk\u0105, zastaw\u0119 sto\u0142ow\u0105, obrusy, falbany, dekoracj\u0119 \u015bwi\u0105teczn\u0105 (stroiki, \u015bwiece, serwetki)<\/b><\/span><\/span><\/p>\n","protected":false},"excerpt":{"rendered":"<p>INSPIRACJA CATERING \u0141ukasz Wasilewski Tel.kont. 502293097 MENU WIGILIJNE Propozycja V ST\u00d3\u0141 SZWEDZKI- dania gor\u0105ce podawane w podgrzewaczach 1 z 2 do wyboru: -Barszcz czysty, gotowany wed\u0142ug staropolskiej receptury, podawany w kocio\u0142ku -Zupa krem z le\u015bnych grzyb\u00f3w, podawana z zacierk\u0105 lub groszkiem ptysiowym -Karp marynowany w warzywach i zio\u0142ach, otulony ciastem sezamowym, polany sosem z boczniak\u00f3w<\/p>\n","protected":false},"author":2,"featured_media":0,"parent":254,"menu_order":0,"comment_status":"closed","ping_status":"closed","template":"","meta":{"footnotes":""},"aioseo_notices":[],"_links":{"self":[{"href":"https:\/\/inspiracjacatering.pl\/index.php?rest_route=\/wp\/v2\/pages\/266"}],"collection":[{"href":"https:\/\/inspiracjacatering.pl\/index.php?rest_route=\/wp\/v2\/pages"}],"about":[{"href":"https:\/\/inspiracjacatering.pl\/index.php?rest_route=\/wp\/v2\/types\/page"}],"author":[{"embeddable":true,"href":"https:\/\/inspiracjacatering.pl\/index.php?rest_route=\/wp\/v2\/users\/2"}],"replies":[{"embeddable":true,"href":"https:\/\/inspiracjacatering.pl\/index.php?rest_route=%2Fwp%2Fv2%2Fcomments&post=266"}],"version-history":[{"count":2,"href":"https:\/\/inspiracjacatering.pl\/index.php?rest_route=\/wp\/v2\/pages\/266\/revisions"}],"predecessor-version":[{"id":268,"href":"https:\/\/inspiracjacatering.pl\/index.php?rest_route=\/wp\/v2\/pages\/266\/revisions\/268"}],"up":[{"embeddable":true,"href":"https:\/\/inspiracjacatering.pl\/index.php?rest_route=\/wp\/v2\/pages\/254"}],"wp:attachment":[{"href":"https:\/\/inspiracjacatering.pl\/index.php?rest_route=%2Fwp%2Fv2%2Fmedia&parent=266"}],"curies":[{"name":"wp","href":"https:\/\/api.w.org\/{rel}","templated":true}]}}