{"id":270,"date":"2014-11-04T11:55:35","date_gmt":"2014-11-04T11:55:35","guid":{"rendered":"http:\/\/inspiracjacatering.pl\/?page_id=270"},"modified":"2014-11-04T11:55:41","modified_gmt":"2014-11-04T11:55:41","slug":"menu-wigilijne-vi","status":"publish","type":"page","link":"https:\/\/inspiracjacatering.pl\/?page_id=270","title":{"rendered":"Menu wigilijne VI"},"content":{"rendered":"<p align=\"CENTER\"><span style=\"font-family: 'Comic Sans MS', serif;\"><span style=\"font-size: medium;\"><b>INSPIRACJA CATERING<\/b><\/span><\/span><\/p>\n<p align=\"CENTER\"><span style=\"font-family: 'Comic Sans MS', serif;\"><span style=\"font-size: medium;\"><b>\u0141ukasz Wasilewski<\/b><\/span><\/span><\/p>\n<p align=\"CENTER\"><span style=\"font-family: 'Comic Sans MS', serif;\"><span style=\"font-size: medium;\"><b>Tel.kont. 502293097<\/b><\/span><\/span><\/p>\n<p align=\"CENTER\"><span style=\"font-family: 'Comic Sans MS', serif;\"><span style=\"font-size: medium;\"><span lang=\"pl-PL\"><b>MENU W<\/b><\/span><\/span><\/span><span style=\"font-family: 'Comic Sans MS', serif;\"><span lang=\"pl-PL\"><b>IGILIJNE<\/b><\/span><\/span><\/p>\n<p align=\"CENTER\"><span style=\"font-family: 'Comic Sans MS', serif;\"><b>Propozycja VI<\/b><\/span><\/p>\n<p>&nbsp;<\/p>\n<p><span style=\"font-family: 'Comic Sans MS', serif;\"><span style=\"font-size: medium;\"><b>ST\u00d3\u0141 SZWEDZKI- dania gor\u0105ce podawane w podgrzewaczach i kocio\u0142kach<\/b><\/span><\/span><\/p>\n<p><span style=\"font-family: 'Comic Sans MS', serif;\"><span style=\"font-size: medium;\"><b>Zupa (1 z 3 do wyboru)<\/b><\/span><\/span><\/p>\n<p><span style=\"font-family: 'Comic Sans MS', serif;\"><span style=\"font-size: medium;\">-Zupa rybna gotowana z warzywami i pomidorami krojonymi w kostk\u0119, krewetkami koktajlowymi, opr\u00f3szona \u015bwie\u017c\u0105 mi\u0119t\u0105<\/span><\/span><\/p>\n<p><span style=\"font-family: 'Comic Sans MS', serif;\"><span style=\"font-size: medium;\">-Zupa grzybowa z aromatem le\u015bnych zi\u00f3\u0142 podawana z lanymi kluseczkami<\/span><\/span><\/p>\n<p><span style=\"font-family: 'Comic Sans MS', serif;\"><span style=\"font-size: medium;\">-Barszcz czerwony gotowany na naturalnym zakwasie, podawany z uszkami<\/span><\/span><\/p>\n<p><span style=\"font-family: 'Comic Sans MS', serif;\"><span style=\"font-size: medium;\"><b>Danie g\u0142\u00f3wne (3 z poni\u017cszych do wyboru)<\/b><\/span><\/span><\/p>\n<p><span style=\"font-family: 'Comic Sans MS', serif;\"><span style=\"font-size: medium;\">-Filet z miruny panierowany w ziarnach dyni i s\u0142onecznika, polany sosem serowym<\/span><\/span><\/p>\n<p><span style=\"font-family: 'Comic Sans MS', serif;\"><span style=\"font-size: medium;\">-\u0141oso\u015b w\u0119dzony nadziewany pieczarkami i serem lub pomidorami i bazyli\u0105 z kawa\u0142kami \u015bwie\u017cych pomidor\u00f3w<\/span><\/span><\/p>\n<p><span style=\"font-family: 'Comic Sans MS', serif;\"><span style=\"font-size: medium;\">-Miks ryb obsma\u017conych na z\u0142oto podawany z sosem kurkowym, opr\u00f3szonych tymiankiem<\/span><\/span><\/p>\n<p><span style=\"font-family: 'Comic Sans MS', serif;\"><span style=\"font-size: medium;\">-Filet z morszczuka zapiekany z pomidorowym konkase, opr\u00f3szony bazyli\u0105 z kropelk\u0105 chilli<\/span><\/span><\/p>\n<p><span style=\"font-family: 'Comic Sans MS', serif;\"><span style=\"font-size: medium;\">-Ryba po grecku podawana na ciep\u0142o w delikatnych jarzynach, posypana serem w\u0119dzonym<\/span><\/span><\/p>\n<p><span style=\"font-family: 'Comic Sans MS', serif;\"><span style=\"font-size: medium;\">-Aromatyczne piero\u017cki z kapust\u0105 i grzybami w duecie z pierogami ruskimi, polane rumian\u0105 cebulk\u0105<\/span><\/span><\/p>\n<p><span style=\"font-family: 'Comic Sans MS', serif;\"><span style=\"font-size: medium;\">-Go\u0142\u0105bki nadziewane ry\u017cem lub kasz\u0105 gryczan\u0105 oraz pieczarkami i le\u015bnymi grzybami, z dodatkiem aromatycznych zi\u00f3\u0142<\/span><\/span><\/p>\n<p><span style=\"font-family: 'Comic Sans MS', serif;\"><span style=\"font-size: medium;\"><b>Dodatki (2 do wyboru)<\/b><\/span><\/span><\/p>\n<p><span style=\"font-family: 'Comic Sans MS', serif;\"><span style=\"font-size: medium;\">-Ziemniaki przebijane z mase\u0142kiem, okraszone cebulk\u0105<\/span><\/span><\/p>\n<p><span style=\"font-family: 'Comic Sans MS', serif;\"><span style=\"font-size: medium;\">-Ry\u017c z warzywami<\/span><\/span><\/p>\n<p><span style=\"font-family: 'Comic Sans MS', serif;\"><span style=\"font-size: medium;\">-Paluszki ziemniaczane z dodatkiem kurkumy<\/span><\/span><\/p>\n<p><span style=\"font-family: 'Comic Sans MS', serif;\"><span style=\"font-size: medium;\"><b>-M<\/b>akaron pene zapiekany ze szpinakiem <\/span><\/span><\/p>\n<p><span style=\"font-family: 'Comic Sans MS', serif;\"><span style=\"font-size: medium;\">-Tagliatelle z sosem grzybowym<\/span><\/span><\/p>\n<p><span style=\"font-family: 'Comic Sans MS', serif;\"><span style=\"font-size: medium;\"><b>ZIMNE PRZEK\u0104SKI do wyboru<\/b><\/span><\/span><\/p>\n<p><span style=\"font-family: 'Comic Sans MS', serif;\"><span style=\"font-size: medium;\">-Tatar z \u0142ososia opr\u00f3szony koperkiem podawany z przepi\u00f3rczym jajkiem<\/span><\/span><\/p>\n<p><span style=\"font-family: 'Comic Sans MS', serif;\"><span style=\"font-size: medium;\">-\u015aled\u017a marynowany oblany kwa\u015bn\u0105 \u015bmietan\u0105 z jab\u0142kiem<\/span><\/span><\/p>\n<p><span style=\"font-family: 'Comic Sans MS', serif;\"><span style=\"font-size: medium;\">-Sa\u0142atka \u015bledziowa przek\u0142adana jajkiem, og\u00f3rkiem i pieczarkami, polana sosem majonezowo-jogurtowym<\/span><\/span><\/p>\n<p><span style=\"font-family: 'Comic Sans MS', serif;\"><span style=\"font-size: medium;\">-Galantyna z karpia faszerowana bakaliami lub grzybami zalana delikatnym auszpikiem<\/span><\/span><\/p>\n<p><span style=\"font-family: 'Comic Sans MS', serif;\"><span style=\"font-size: medium;\">-Krewetki panierowane w sosie koktajlowym z nut\u0105 chilli<\/span><\/span><\/p>\n<p><span style=\"font-family: 'Comic Sans MS', serif;\"><span style=\"font-size: medium;\">-Rolada z karczku nadziewana pikantnym ciwabcici otulona delikatn\u0105 galaretk\u0105<\/span><\/span><\/p>\n<p><span style=\"font-family: 'Comic Sans MS', serif;\"><span style=\"font-size: medium;\">-Rolada drobiowa ze szpinakiem z dodatkiem sera, oblana klarownym auszpikiem<\/span><\/span><\/p>\n<p><span style=\"font-family: 'Comic Sans MS', serif;\"><span style=\"font-size: medium;\">-\u0141oso\u015b owini\u0119ty algami morskimi, z delikatnym twaro\u017ckiem bazyliowym<\/span><\/span><\/p>\n<p><span style=\"font-family: 'Comic Sans MS', serif;\"><span style=\"font-size: medium;\">-Jajka faszerowane serkiem zio\u0142owym, z dodatkiem \u0142ososia i kawioru<\/span><\/span><\/p>\n<p><span style=\"font-family: 'Comic Sans MS', serif;\"><span style=\"font-size: medium;\">-Delikatny tatar z marynowanego \u015bledzia podawany w og\u00f3rkowej ob\u0119rczy<\/span><\/span><\/p>\n<p><span style=\"font-family: 'Comic Sans MS', serif;\"><span style=\"font-size: medium;\">-Karp w galarecie zdobiony jajkiem i pietruszk\u0105<\/span><\/span><\/p>\n<p><span style=\"font-family: 'Comic Sans MS', serif;\"><span style=\"font-size: medium;\"><b>Pieczywo<\/b><\/span><\/span><\/p>\n<p><span style=\"font-family: 'Comic Sans MS', serif;\"><span style=\"font-size: medium;\"><b>DESER<\/b><\/span><\/span><\/p>\n<p><span style=\"font-family: 'Comic Sans MS', serif;\"><span style=\"font-size: medium;\">-Kutia z bakaliami oblana naturalnym miodem<\/span><\/span><\/p>\n<p><span style=\"font-family: 'Comic Sans MS', serif;\"><span style=\"font-size: medium;\">-Kruche babeczki z owocami<\/span><\/span><\/p>\n<p><span style=\"font-family: 'Comic Sans MS', serif;\"><span style=\"font-size: medium;\">-Sernik domowy<\/span><\/span><\/p>\n<p><span style=\"font-family: 'Comic Sans MS', serif;\"><span style=\"font-size: medium;\">-Szarlotka<\/span><\/span><\/p>\n<p><span style=\"font-family: 'Comic Sans MS', serif;\"><span style=\"font-size: medium;\">-Makowiec<\/span><\/span><\/p>\n<p><span style=\"font-family: 'Comic Sans MS', serif;\"><span style=\"font-size: medium;\">Napoje, woda, kawa i herbata z dodatkami (cukier, mleko i cytryna)<\/span><\/span><\/p>\n<p><span style=\"font-family: 'Comic Sans MS', serif;\"><span style=\"font-size: medium;\"><b>W cen\u0119 wliczono obs\u0142ug\u0119 kelnersk\u0105, zastaw\u0119 sto\u0142ow\u0105, obrusy, falbany, dekoracj\u0119 \u015bwi\u0105teczn\u0105 (stroiki, \u015bwiece, serwetki)<\/b><\/span><\/span><\/p>\n","protected":false},"excerpt":{"rendered":"<p>INSPIRACJA CATERING \u0141ukasz Wasilewski Tel.kont. 502293097 MENU WIGILIJNE Propozycja VI &nbsp; ST\u00d3\u0141 SZWEDZKI- dania gor\u0105ce podawane w podgrzewaczach i kocio\u0142kach Zupa (1 z 3 do wyboru) -Zupa rybna gotowana z warzywami i pomidorami krojonymi w kostk\u0119, krewetkami koktajlowymi, opr\u00f3szona \u015bwie\u017c\u0105 mi\u0119t\u0105 -Zupa grzybowa z aromatem le\u015bnych zi\u00f3\u0142 podawana z lanymi kluseczkami -Barszcz czerwony gotowany na<\/p>\n","protected":false},"author":2,"featured_media":0,"parent":254,"menu_order":0,"comment_status":"closed","ping_status":"closed","template":"","meta":{"footnotes":""},"aioseo_notices":[],"_links":{"self":[{"href":"https:\/\/inspiracjacatering.pl\/index.php?rest_route=\/wp\/v2\/pages\/270"}],"collection":[{"href":"https:\/\/inspiracjacatering.pl\/index.php?rest_route=\/wp\/v2\/pages"}],"about":[{"href":"https:\/\/inspiracjacatering.pl\/index.php?rest_route=\/wp\/v2\/types\/page"}],"author":[{"embeddable":true,"href":"https:\/\/inspiracjacatering.pl\/index.php?rest_route=\/wp\/v2\/users\/2"}],"replies":[{"embeddable":true,"href":"https:\/\/inspiracjacatering.pl\/index.php?rest_route=%2Fwp%2Fv2%2Fcomments&post=270"}],"version-history":[{"count":2,"href":"https:\/\/inspiracjacatering.pl\/index.php?rest_route=\/wp\/v2\/pages\/270\/revisions"}],"predecessor-version":[{"id":272,"href":"https:\/\/inspiracjacatering.pl\/index.php?rest_route=\/wp\/v2\/pages\/270\/revisions\/272"}],"up":[{"embeddable":true,"href":"https:\/\/inspiracjacatering.pl\/index.php?rest_route=\/wp\/v2\/pages\/254"}],"wp:attachment":[{"href":"https:\/\/inspiracjacatering.pl\/index.php?rest_route=%2Fwp%2Fv2%2Fmedia&parent=270"}],"curies":[{"name":"wp","href":"https:\/\/api.w.org\/{rel}","templated":true}]}}