{"id":37,"date":"2014-04-26T19:15:14","date_gmt":"2014-04-26T19:15:14","guid":{"rendered":"http:\/\/inspiracjacatering.pl\/?page_id=37"},"modified":"2014-09-17T14:13:36","modified_gmt":"2014-09-17T14:13:36","slug":"menu","status":"publish","type":"page","link":"https:\/\/inspiracjacatering.pl\/?page_id=37","title":{"rendered":"Pozosta\u0142e Menu"},"content":{"rendered":"<p>Zapraszamy do zapoznania si\u0119 z propozycjami menu na r\u00f3\u017ce okazje.<\/p>\n<p>Pragniemy tylko podkre\u015bli\u0107, \u017ce s\u0105 to jedynie propozycje, a ka\u017cd\u0105 z nich mo\u017cna dowolnie modyfikowa\u0107.<\/p>\n<p>Staramy si\u0119 jak najbardziej dopasowa\u0107 do potrzeb klienta.<\/p>\n","protected":false},"excerpt":{"rendered":"<p>Zapraszamy do zapoznania si\u0119 z propozycjami menu na r\u00f3\u017ce okazje. Pragniemy tylko podkre\u015bli\u0107, \u017ce s\u0105 to jedynie propozycje, a ka\u017cd\u0105 z nich mo\u017cna dowolnie modyfikowa\u0107. Staramy si\u0119 jak najbardziej dopasowa\u0107 do potrzeb klienta.<\/p>\n","protected":false},"author":1,"featured_media":0,"parent":0,"menu_order":1,"comment_status":"closed","ping_status":"closed","template":"","meta":{"footnotes":""},"aioseo_notices":[],"_links":{"self":[{"href":"https:\/\/inspiracjacatering.pl\/index.php?rest_route=\/wp\/v2\/pages\/37"}],"collection":[{"href":"https:\/\/inspiracjacatering.pl\/index.php?rest_route=\/wp\/v2\/pages"}],"about":[{"href":"https:\/\/inspiracjacatering.pl\/index.php?rest_route=\/wp\/v2\/types\/page"}],"author":[{"embeddable":true,"href":"https:\/\/inspiracjacatering.pl\/index.php?rest_route=\/wp\/v2\/users\/1"}],"replies":[{"embeddable":true,"href":"https:\/\/inspiracjacatering.pl\/index.php?rest_route=%2Fwp%2Fv2%2Fcomments&post=37"}],"version-history":[{"count":2,"href":"https:\/\/inspiracjacatering.pl\/index.php?rest_route=\/wp\/v2\/pages\/37\/revisions"}],"predecessor-version":[{"id":246,"href":"https:\/\/inspiracjacatering.pl\/index.php?rest_route=\/wp\/v2\/pages\/37\/revisions\/246"}],"wp:attachment":[{"href":"https:\/\/inspiracjacatering.pl\/index.php?rest_route=%2Fwp%2Fv2%2Fmedia&parent=37"}],"curies":[{"name":"wp","href":"https:\/\/api.w.org\/{rel}","templated":true}]}}