{"id":461,"date":"2023-06-09T11:50:23","date_gmt":"2023-06-09T11:50:23","guid":{"rendered":"http:\/\/inspiracjacatering.pl\/?page_id=461"},"modified":"2023-06-09T11:50:44","modified_gmt":"2023-06-09T11:50:44","slug":"menu-weselne-propozycja-v","status":"publish","type":"page","link":"https:\/\/inspiracjacatering.pl\/?page_id=461","title":{"rendered":"Menu Weselne propozycja V"},"content":{"rendered":"<div>\n<p style=\"text-align: center;\"><strong>INSPIRACJA CATERING<\/strong><\/p>\n<p style=\"text-align: center;\"><strong>\u0141UKASZ WASILEWSKI<\/strong><\/p>\n<p style=\"text-align: center;\"><strong>Telefon kontaktowy 502293097<\/strong><\/p>\n<p style=\"text-align: center;\"><strong>MENU WESELNE V<\/strong><\/p>\n<p>&nbsp;<\/p>\n<p>Poni\u017csze menu stanowi tylko propozycj\u0119- mo\u017cna je dowolnie modyfikowa\u0107 wed\u0142ug w\u0142asnych gust\u00f3w i upodoba\u0144. U\u0142o\u017cenie ostatecznego menu, kt\u00f3re w pe\u0142ni zaspokoi Pa\u0144stwa oczekiwania, nast\u0119puje w trakcie szczeg\u00f3\u0142owego omawiania imprezy. Cena uzale\u017cniona jest od ostatecznego menu oraz od liczby go\u015bci (przy wi\u0119kszej ilo\u015bci os\u00f3b mo\u017cliwa negocjacja ceny).Serdecznie zach\u0119camy do skorzystania z naszej oferty. W razie jakichkolwiek pyta\u0144 i w\u0105tpliwo\u015bci prosimy o kontakt telefoniczny (502293097) lub mailowy (catering@inspiracjacatering.pl).<\/p>\n<\/div>\n<div><\/div>\n<div>Przywitanie okr\u0105g\u0142ym chlebem i sol\u0105 oraz lampk\u0105 szampana<\/div>\n<div><\/div>\n<div><strong>Obiad<\/strong><\/div>\n<div><\/div>\n<div>&#8211; Ros\u00f3\u0142 z makaronem opr\u00f3szony zielon\u0105 pietruszk\u0105<\/div>\n<div>Drugie danie<\/div>\n<div>-Stek a\u2019la Nilsen ,z batatem,cukini\u0105 i papryk\u0105<\/div>\n<div>-Piecze\u0144 z karczku<\/div>\n<div>-Medaliony drobiowe w z\u0142ocistej panierce<\/div>\n<div>-Filet drobiowy z pomidorami z nutk\u0105 bazylii i cukini\u0105 grillowan\u0105<\/div>\n<div>-Schab z pieczarkami i \u017c\u00f3\u0142tym serem<\/div>\n<div><\/div>\n<div><strong>Dodatki<\/strong><\/div>\n<div><\/div>\n<div>-Ziemniaki przebijane z mase\u0142kiem<\/div>\n<div>-Kluski \u015bl\u0105skie<\/div>\n<div>Sur\u00f3wki<\/div>\n<div>-Czerwona kapusta<\/div>\n<div>-Buraczki siekane z cebulk\u0105<\/div>\n<div>-Kapusta z jab\u0142kiem i porem<\/div>\n<div>-Kawa (z ekspresu),czekolada, i 4 napoj\u00f3w kawowych, np. latte macchiato,czy cappuccino . i herbata bez limitu<\/div>\n<div>-Owoce sezonowe<\/div>\n<div><\/div>\n<div><strong>PRZEK\u0104SKI ZIMNE<\/strong><\/div>\n<div><\/div>\n<div>P\u00f3\u0142misek mi\u0119s pieczonych<\/div>\n<div>-Rolada z karczku z warzywami<\/div>\n<div>-Rolada drobiowa ze szpinakiem<\/div>\n<div>-Schab szpikowany \u015bliwk\u0105 i morel\u0105<\/div>\n<div>-Karczek z m\u0142odego prosiaka w aromatycznych zio\u0142ach<\/div>\n<div>-Pasztet pieczony<\/div>\n<div>-W\u0119dliny i ser \u017c\u00f3\u0142ty<\/div>\n<div>P\u00f3\u0142misek z rozmaito\u015bciami<\/div>\n<div>-Tortilla zapiekana z warzywami<\/div>\n<div>-Saszetki z ciasta francuskiego nadziewane \u0142ososiem i szpinakiem<\/div>\n<div>-Sajgonki z nadzieniem orientalnym<\/div>\n<div>-Tortille z kurczakiem i warzywami<\/div>\n<div>-Babeczki ze szpinakiem fet\u0105<\/div>\n<div>-Nale\u015bniki z \u0142ososiem w\u0119dzonym z nutka serka chrzanowego<\/div>\n<div><\/div>\n<div><strong>Sa\u0142atki<\/strong><\/div>\n<div><\/div>\n<div>-Sa\u0142atka Cezar na sa\u0142acie lodowej z grillowanym kurczakiem,jajkiem i serem<\/div>\n<div>-Sa\u0142atka z selera, warzyw z dodatkiem szynki lub kurczaka grillowanego<\/div>\n<div>-Galaretki drobiowe<\/div>\n<div>-\u015aled\u017a w oleju z kiszonym og\u00f3rkiem<\/div>\n<div>-Pieczywo<\/div>\n<div><\/div>\n<div><strong>I Kolacja<\/strong><\/div>\n<div><\/div>\n<div>-Golonki pieczone, podawany z kapust\u0105 i grzybami oraz opiekanymi ziemniakami<\/div>\n<div>-Szasz\u0142yk drobiowy<\/div>\n<div>-Uda trybowane marynowane lub szynka pieczona<\/div>\n<div>-Sosy -salsa, sos czosnkowy, chrzan, musztarda, ketchup<\/div>\n<div><\/div>\n<div><strong>II Kolacja<\/strong><\/div>\n<div><\/div>\n<div>Barszcz czerwony podawany z :<\/div>\n<div>-Pierogami ruskimi ( opiekanymi)<\/div>\n<div>-Kapu\u015bniaczkiem w cie\u015bcie francuskim<\/div>\n<div>-Krokiety z pieczarkami i serem<\/div>\n<div><\/div>\n<div><strong>III Kolacja<\/strong><\/div>\n<div><\/div>\n<div>Podawana w kocio\u0142kach od 23:00 do rana na stole szwedzkim<\/div>\n<div>-Flaki<\/div>\n<div>-Gulasz w\u0119gierski<\/div>\n<div>St\u00f3\u0142 wiejski &#8211; osobno p\u0142atny<\/div>\n<div>-ze swojskimi wyrobami ze starej spi\u017carni, przygotowanymi wed\u0142ug staropolskich receptur<\/div>\n<div>-Kie\u0142basa staropolska ,Kie\u0142basa ze \u015bwiniobicia<\/div>\n<div>-Szynka staropolska , pol\u0119dwica sopocka<\/div>\n<div>-Boczek w\u0119dzony naturalnym dymem<\/div>\n<div>-Kaszanka<\/div>\n<div>-Kabanosy<\/div>\n<div>-Salceson<\/div>\n<div>-Chleb staropolski<\/div>\n<div>-Smalec i og\u00f3rki kiszone<\/div>\n","protected":false},"excerpt":{"rendered":"<p>INSPIRACJA CATERING \u0141UKASZ WASILEWSKI Telefon kontaktowy 502293097 MENU WESELNE V &nbsp; Poni\u017csze menu stanowi tylko propozycj\u0119- mo\u017cna je dowolnie modyfikowa\u0107 wed\u0142ug w\u0142asnych gust\u00f3w i upodoba\u0144. U\u0142o\u017cenie ostatecznego menu, kt\u00f3re w pe\u0142ni zaspokoi Pa\u0144stwa oczekiwania, nast\u0119puje w trakcie szczeg\u00f3\u0142owego omawiania imprezy. Cena uzale\u017cniona jest od ostatecznego menu oraz od liczby go\u015bci (przy wi\u0119kszej ilo\u015bci os\u00f3b mo\u017cliwa<\/p>\n","protected":false},"author":1,"featured_media":0,"parent":244,"menu_order":3,"comment_status":"closed","ping_status":"closed","template":"","meta":{"footnotes":""},"aioseo_notices":[],"_links":{"self":[{"href":"https:\/\/inspiracjacatering.pl\/index.php?rest_route=\/wp\/v2\/pages\/461"}],"collection":[{"href":"https:\/\/inspiracjacatering.pl\/index.php?rest_route=\/wp\/v2\/pages"}],"about":[{"href":"https:\/\/inspiracjacatering.pl\/index.php?rest_route=\/wp\/v2\/types\/page"}],"author":[{"embeddable":true,"href":"https:\/\/inspiracjacatering.pl\/index.php?rest_route=\/wp\/v2\/users\/1"}],"replies":[{"embeddable":true,"href":"https:\/\/inspiracjacatering.pl\/index.php?rest_route=%2Fwp%2Fv2%2Fcomments&post=461"}],"version-history":[{"count":2,"href":"https:\/\/inspiracjacatering.pl\/index.php?rest_route=\/wp\/v2\/pages\/461\/revisions"}],"predecessor-version":[{"id":463,"href":"https:\/\/inspiracjacatering.pl\/index.php?rest_route=\/wp\/v2\/pages\/461\/revisions\/463"}],"up":[{"embeddable":true,"href":"https:\/\/inspiracjacatering.pl\/index.php?rest_route=\/wp\/v2\/pages\/244"}],"wp:attachment":[{"href":"https:\/\/inspiracjacatering.pl\/index.php?rest_route=%2Fwp%2Fv2%2Fmedia&parent=461"}],"curies":[{"name":"wp","href":"https:\/\/api.w.org\/{rel}","templated":true}]}}