{"id":6,"date":"2014-04-26T18:40:20","date_gmt":"2014-04-26T18:40:20","guid":{"rendered":"http:\/\/inspiracjacatering.pl\/?page_id=6"},"modified":"2018-11-22T16:22:46","modified_gmt":"2018-11-22T16:22:46","slug":"menu-weselne-propozycja-ii","status":"publish","type":"page","link":"https:\/\/inspiracjacatering.pl\/?page_id=6","title":{"rendered":"Menu Weselne Propozycja II"},"content":{"rendered":"<p style=\"text-align: center;\"><strong>INSPIRACJA CATERING<\/strong><br \/>\n<strong> \u0141UKASZ WASILEWSKI<\/strong><br \/>\n<strong> Telefon kontaktowy 502293097<\/strong><\/p>\n<p style=\"text-align: center;\"><strong>MENU WESELNE II<\/strong><\/p>\n<p>Poni\u017csze menu stanowi tylko propozycj\u0119- mo\u017cna je dowolnie modyfikowa\u0107 wed\u0142ug w\u0142asnych gust\u00f3w i upodoba\u0144. U\u0142o\u017cenie ostatecznego menu, kt\u00f3re w pe\u0142ni zaspokoi Pa\u0144stwa oczekiwania, nast\u0119puje w trakcie szczeg\u00f3\u0142owego omawiania imprezy. Cena uzale\u017cniona jest od ostatecznego menu oraz od liczby go\u015bci (przy wi\u0119kszej ilo\u015bci os\u00f3b mo\u017cliwa negocjacja ceny).Serdecznie zach\u0119camy do skorzystania z naszej oferty. W razie jakichkolwiek pyta\u0144 i w\u0105tpliwo\u015bci prosimy o kontakt telefoniczny (502293097) lub mailowy (catering@inspiracjacatering.pl).<\/p>\n<p>&nbsp;<\/p>\n<p style=\"text-align: left;\">Przywitanie okr\u0105g\u0142ym chlebem i sol\u0105 oraz lampk\u0105 szampana<\/p>\n<p><strong>OBIAD<\/strong><br \/>\n&#8211; Ros\u00f3\u0142 z makaronem op\u00f3szony zielon\u0105 pietruszk\u0105<\/p>\n<p><em>Drugie danie<\/em><br \/>\n&#8211; Rolada wieprzowa faszerowana staropolskim nadzieniem, oblana ciemnym sosem pieczeniowym<br \/>\n&#8211; Grillowana pier\u015b z kurczaka opasana sosem z pieczarek z delikatn\u0105 nutk\u0105 og\u00f3rka, obsypana serem<br \/>\n&#8211; Medaliony ze schabu w z\u0142ocistej panierce<br \/>\n&#8211; Kotleciki schabowe z nadzieniem pieczarkowo-serowym<br \/>\n&#8211; Soczysta pier\u015b z kurczaka panierowana w ziarnach s\u0142onecznika opiekana na z\u0142oto<\/p>\n<p><em>Dodatki<\/em><br \/>\n-Ziemniaki przebijane z mase\u0142kiem<br \/>\n-Rozetki ziemniaczane opiekane na z\u0142oto<br \/>\n-Kluski \u015bl\u0105skie (szpinakowe)<\/p>\n<p><em>Sur\u00f3wki<\/em><br \/>\n&#8211; Bia\u0142a kapusta z tart\u0105 marchewk\u0105<br \/>\n&#8211; Seler z jab\u0142kiem oblany \u015bmietank\u0105<br \/>\n&#8211; Chrupi\u0105cy broku\u0142 z papryk\u0105, cebul\u0105 i kukurydz\u0105<\/p>\n<p><strong>Deser<\/strong><br \/>\n&#8211; Lody z polew\u0105 czekoladow\u0105 z dodatkiem bitej \u015bmietany<br \/>\n&#8211; Kawa, herbata<br \/>\n&#8211; Owoce<\/p>\n<p><strong>PRZEK\u0104SKI ZIMNE<\/strong><\/p>\n<p><em>\u00a0P\u00f3\u0142misek mi\u0119s pieczonych z dodatkiem ser\u00f3w<\/em><br \/>\n&#8211; Karczek z m\u0142odego prosiaka z aromatycznymi zio\u0142ami<br \/>\n&#8211; Pasztet pieczony wed\u0142ug staropolskiej receptury<br \/>\n&#8211; Schab szpikowany \u015bliwk\u0105 i morel\u0105<br \/>\n&#8211; Rolada faszerowana szpinakiem gotowana na parze<br \/>\n&#8211; Sery mieszane: marmurkowy, z warzywami, \u017c\u00f3\u0142ty, itd.<br \/>\n<em>\u00a0P\u00f3\u0142misek rozmaito\u015bci<\/em><br \/>\n&#8211; Muszelki z ciasta ptysiowego faszerowane sa\u0142atk\u0105 diabelsk\u0105<br \/>\n&#8211; Mini szasz\u0142yki drobiowe ze \u015bliwk\u0105 kalifornijsk\u0105 marynowane w miodzie<br \/>\n&#8211; Pikantne ciwabcici z dodatkiem peperoni<br \/>\n&#8211; Camembert zdobiony winogronem<br \/>\n&#8211; Jajka otulone czap\u0105 grzybow\u0105<br \/>\n&#8211; Rulony z szynki szprycowane mas\u0105 serow\u0105<br \/>\n&#8211; Kruche babeczki napychane sa\u0142atk\u0105 islandzk\u0105<br \/>\n\u00b7 \u015aled\u017a po wiejsku w oleju z dodatkiem kiszonego og\u00f3rka<br \/>\n\u00b7 Sa\u0142atka Italia z delikatnym tortellini al funghi przek\u0142adane ananasem, zaostrzona zielonym porem<br \/>\n\u00b7 Sa\u0142atka Pasja na kruchej sa\u0142acie lodowej z pieczonym gyrosem polana sosem koktajlowym<br \/>\n\u00b7 Sa\u0142atka broku\u0142owa opasana jajkiem, przek\u0142adana warzywami, oblana sosem jogurtowym<\/p>\n<p>Pieczywo<\/p>\n<p><strong>Kolacja I<\/strong><br \/>\nLuzowane uda pulardy marynowane w zaprawie sojowej, zdobione sosem z czterech ser\u00f3w z broku\u0142ami, z dodatkiem makaronu farfale<\/p>\n<p><strong>Kolacja II<\/strong><br \/>\nSzynka z prosiaczka pieczona w zaprawie czosnkowo-zio\u0142owej u\u0142o\u017cona na wiekowej desce w kompozycji golonek sma\u017conych na \u017celiwnej patelni, z dodatkiem kaszy gryczanej przyrz\u0105dzonej po staropolsku lub kopytek opiekanych na z\u0142oto<\/p>\n<p><strong>Kolacja III<\/strong><br \/>\nBarszczyk czerwony gotowany wed\u0142ug receptury babuni podawany z kapu\u015bniaczkiem owini\u0119tym ciastem francuskim.<\/p>\n","protected":false},"excerpt":{"rendered":"<p>INSPIRACJA CATERING \u0141UKASZ WASILEWSKI Telefon kontaktowy 502293097 MENU WESELNE II Poni\u017csze menu stanowi tylko propozycj\u0119- mo\u017cna je dowolnie modyfikowa\u0107 wed\u0142ug w\u0142asnych gust\u00f3w i upodoba\u0144. U\u0142o\u017cenie ostatecznego menu, kt\u00f3re w pe\u0142ni zaspokoi Pa\u0144stwa oczekiwania, nast\u0119puje w trakcie szczeg\u00f3\u0142owego omawiania imprezy. Cena uzale\u017cniona jest od ostatecznego menu oraz od liczby go\u015bci (przy wi\u0119kszej ilo\u015bci os\u00f3b mo\u017cliwa negocjacja<\/p>\n","protected":false},"author":1,"featured_media":0,"parent":244,"menu_order":1,"comment_status":"closed","ping_status":"closed","template":"","meta":{"footnotes":""},"aioseo_notices":[],"_links":{"self":[{"href":"https:\/\/inspiracjacatering.pl\/index.php?rest_route=\/wp\/v2\/pages\/6"}],"collection":[{"href":"https:\/\/inspiracjacatering.pl\/index.php?rest_route=\/wp\/v2\/pages"}],"about":[{"href":"https:\/\/inspiracjacatering.pl\/index.php?rest_route=\/wp\/v2\/types\/page"}],"author":[{"embeddable":true,"href":"https:\/\/inspiracjacatering.pl\/index.php?rest_route=\/wp\/v2\/users\/1"}],"replies":[{"embeddable":true,"href":"https:\/\/inspiracjacatering.pl\/index.php?rest_route=%2Fwp%2Fv2%2Fcomments&post=6"}],"version-history":[{"count":5,"href":"https:\/\/inspiracjacatering.pl\/index.php?rest_route=\/wp\/v2\/pages\/6\/revisions"}],"predecessor-version":[{"id":140,"href":"https:\/\/inspiracjacatering.pl\/index.php?rest_route=\/wp\/v2\/pages\/6\/revisions\/140"}],"up":[{"embeddable":true,"href":"https:\/\/inspiracjacatering.pl\/index.php?rest_route=\/wp\/v2\/pages\/244"}],"wp:attachment":[{"href":"https:\/\/inspiracjacatering.pl\/index.php?rest_route=%2Fwp%2Fv2%2Fmedia&parent=6"}],"curies":[{"name":"wp","href":"https:\/\/api.w.org\/{rel}","templated":true}]}}